{"id":1639,"date":"2023-03-28T12:50:40","date_gmt":"2023-03-28T10:50:40","guid":{"rendered":"https:\/\/pepitina.com\/?post_type=product&#038;p=1639"},"modified":"2025-05-08T13:52:39","modified_gmt":"2025-05-08T11:52:39","slug":"cape-aire-boheme-azul-morada","status":"publish","type":"product","link":"https:\/\/pepitina.com\/en\/p\/cape-aire-boheme-azul-morada\/","title":{"rendered":"CAPE AIRE BOH\u00caME BLUE AND PURPLE"},"content":{"rendered":"<ul>\n<li>Piece conceived according to the Slow Fashion philosophy destined to last over time.<\/li>\n<li>Hand painted and sewn silk cape.<\/li>\n<li>Measurements: 175 x 105 cm.<\/li>\n<li>Silk Type: Satin.<\/li>\n<li>Hand-edged with silk thread.<\/li>\n<li>One size.<\/li>\n<li>It belongs to the Boh\u00eame collection.<\/li>\n<\/ul>","protected":false},"excerpt":{"rendered":"<p>This cape from the Boh\u00eame collection with blending of cold colors. This vaporous cape will float as you pass, taking all eyes with it. Very wearable and flattering, being the perfect complement to wear both on formal and more informal occasions.<\/p>","protected":false},"featured_media":1641,"template":"","meta":{"om_disable_all_campaigns":false,"inline_featured_image":false,"_uag_custom_page_level_css":"","_monsterinsights_skip_tracking":false,"_monsterinsights_sitenote_active":false,"_monsterinsights_sitenote_note":"","_monsterinsights_sitenote_category":0,"_uf_show_specific_survey":0,"_uf_disable_surveys":false,"site-sidebar-layout":"default","site-content-layout":"default","ast-site-content-layout":"default","site-content-style":"default","site-sidebar-style":"default","ast-global-header-display":"","ast-banner-title-visibility":"","ast-main-header-display":"","ast-hfb-above-header-display":"","ast-hfb-below-header-display":"","ast-hfb-mobile-header-display":"","site-post-title":"","ast-breadcrumbs-content":"","ast-featured-img":"","footer-sml-layout":"","theme-transparent-header-meta":"default","adv-header-id-meta":"","stick-header-meta":"default","header-above-stick-meta":"","header-main-stick-meta":"","header-below-stick-meta":"","astra-migrate-meta-layouts":"set","ast-page-background-enabled":"default","ast-page-background-meta":{"desktop":{"background-color":"var(--ast-global-color-4)","background-image":"","background-repeat":"repeat","background-position":"center center","background-size":"auto","background-attachment":"scroll","background-type":"","background-media":"","overlay-type":"","overlay-color":"","overlay-opacity":"","overlay-gradient":""},"tablet":{"background-color":"","background-image":"","background-repeat":"repeat","background-position":"center center","background-size":"auto","background-attachment":"scroll","background-type":"","background-media":"","overlay-type":"","overlay-color":"","overlay-opacity":"","overlay-gradient":""},"mobile":{"background-color":"","background-image":"","background-repeat":"repeat","background-position":"center center","background-size":"auto","background-attachment":"scroll","background-type":"","background-media":"","overlay-type":"","overlay-color":"","overlay-opacity":"","overlay-gradient":""}},"ast-content-background-meta":{"desktop":{"background-color":"var(--ast-global-color-5)","background-image":"","background-repeat":"repeat","background-position":"center center","background-size":"auto","background-attachment":"scroll","background-type":"","background-media":"","overlay-type":"","overlay-color":"","overlay-opacity":"","overlay-gradient":""},"tablet":{"background-color":"var(--ast-global-color-5)","background-image":"","background-repeat":"repeat","background-position":"center center","background-size":"auto","background-attachment":"scroll","background-type":"","background-media":"","overlay-type":"","overlay-color":"","overlay-opacity":"","overlay-gradient":""},"mobile":{"background-color":"var(--ast-global-color-5)","background-image":"","background-repeat":"repeat","background-position":"center center","background-size":"auto","background-attachment":"scroll","background-type":"","background-media":"","overlay-type":"","overlay-color":"","overlay-opacity":"","overlay-gradient":""}},"_joinchat":[]},"product_brand":[],"product_cat":[52,27],"product_tag":[],"class_list":{"0":"post-1639","1":"product","2":"type-product","3":"status-publish","4":"has-post-thumbnail","6":"product_cat-coleccion-boheme","7":"product_cat-cape-aire","8":"desktop-align-left","9":"tablet-align-left","10":"mobile-align-left","11":"ast-product-gallery-layout-first-image-large","12":"ast-magnify-disabled","13":"ast-product-tabs-layout-accordion","14":"ast-qv-on-image","16":"first","17":"instock","18":"sale","19":"sold-individually","20":"taxable","21":"shipping-taxable","22":"purchasable","23":"product-type-simple"},"aioseo_notices":[],"uagb_featured_image_src":{"full":["https:\/\/pepitina.com\/wp-content\/uploads\/2023\/03\/cape-aire-9.jpg",800,1200,false],"thumbnail":["https:\/\/pepitina.com\/wp-content\/uploads\/2023\/03\/cape-aire-9.jpg",64,96,false],"medium":["https:\/\/pepitina.com\/wp-content\/uploads\/2023\/03\/cape-aire-9.jpg",800,1200,false],"medium_large":["https:\/\/pepitina.com\/wp-content\/uploads\/2023\/03\/cape-aire-9-768x1152.jpg",768,1152,true],"large":["https:\/\/pepitina.com\/wp-content\/uploads\/2023\/03\/cape-aire-9.jpg",800,1200,false],"1536x1536":["https:\/\/pepitina.com\/wp-content\/uploads\/2023\/03\/cape-aire-9.jpg",800,1200,false],"2048x2048":["https:\/\/pepitina.com\/wp-content\/uploads\/2023\/03\/cape-aire-9.jpg",800,1200,false],"trp-custom-language-flag":["https:\/\/pepitina.com\/wp-content\/uploads\/2023\/03\/cape-aire-9.jpg",8,12,false],"woocommerce_thumbnail":["https:\/\/pepitina.com\/wp-content\/uploads\/2023\/03\/cape-aire-9.jpg",800,1200,false],"woocommerce_single":["https:\/\/pepitina.com\/wp-content\/uploads\/2023\/03\/cape-aire-9.jpg",800,1200,false],"woocommerce_gallery_thumbnail":["https:\/\/pepitina.com\/wp-content\/uploads\/2023\/03\/cape-aire-9-100x100.jpg",100,100,true]},"uagb_author_info":{"display_name":"Alejandra Peinado Garc\u00eda","author_link":"https:\/\/pepitina.com\/en\/author\/"},"uagb_comment_info":0,"uagb_excerpt":"Esta capa de la colecci\u00f3n Boh\u00eame con difuminado de colores fr\u00edos. Esta vaporosa capa flotar\u00e1 a tu paso llev\u00e1ndose con ella todas las miradas. Muy ponible y favorecedora, siendo el complemento perfecto para lucir tanto en ocasiones formales como m\u00e1s informales.","_links":{"self":[{"href":"https:\/\/pepitina.com\/en\/wp-json\/wp\/v2\/product\/1639","targetHints":{"allow":["GET"]}}],"collection":[{"href":"https:\/\/pepitina.com\/en\/wp-json\/wp\/v2\/product"}],"about":[{"href":"https:\/\/pepitina.com\/en\/wp-json\/wp\/v2\/types\/product"}],"version-history":[{"count":2,"href":"https:\/\/pepitina.com\/en\/wp-json\/wp\/v2\/product\/1639\/revisions"}],"predecessor-version":[{"id":18037,"href":"https:\/\/pepitina.com\/en\/wp-json\/wp\/v2\/product\/1639\/revisions\/18037"}],"wp:featuredmedia":[{"embeddable":true,"href":"https:\/\/pepitina.com\/en\/wp-json\/wp\/v2\/media\/1641"}],"wp:attachment":[{"href":"https:\/\/pepitina.com\/en\/wp-json\/wp\/v2\/media?parent=1639"}],"wp:term":[{"taxonomy":"product_brand","embeddable":true,"href":"https:\/\/pepitina.com\/en\/wp-json\/wp\/v2\/product_brand?post=1639"},{"taxonomy":"product_cat","embeddable":true,"href":"https:\/\/pepitina.com\/en\/wp-json\/wp\/v2\/product_cat?post=1639"},{"taxonomy":"product_tag","embeddable":true,"href":"https:\/\/pepitina.com\/en\/wp-json\/wp\/v2\/product_tag?post=1639"}],"curies":[{"name":"wp","href":"https:\/\/api.w.org\/{rel}","templated":true}]}}