{"id":16592,"date":"2024-06-24T12:53:44","date_gmt":"2024-06-24T10:53:44","guid":{"rendered":"https:\/\/pepitina.com\/?post_type=product&#038;p=16592"},"modified":"2025-05-08T12:38:31","modified_gmt":"2025-05-08T10:38:31","slug":"abanico-grande-27-cms-aire-de-luces-con-cristales-swarovski","status":"publish","type":"product","link":"https:\/\/pepitina.com\/en\/p\/abanico-grande-27-cms-aire-de-luces-con-cristales-swarovski\/","title":{"rendered":"Abanico grande aire de luces con cristales Swarovski"},"content":{"rendered":"<ul>\n<li>Descripci\u00f3n: Abanico tama\u00f1o grande (27 cms) pintado a mano en seda natural 100%.<\/li>\n<li>Abanico grande aire de luces con cristales Swarovski.<\/li>\n<li>Varillaje: Varillas de madera bocap\u00ed pulidas por las dos caras.<\/li>\n<li>Colecci\u00f3n: Pertenece a la colecci\u00f3n Al-\u00c1ndalus con tonalidades en azul y filigrana en verde jade.<\/li>\n<li>Medidas: 27 cms.<\/li>\n<li>Silk Type: Crepe Satin.<\/li>\n<li>Complementos adicionales: Arandela y borla.<\/li>\n<li>Packaging: Bolsa protectora de antelina, estuche de cartulina.<\/li>\n<\/ul>","protected":false},"excerpt":{"rendered":"<p>Descripci\u00f3n: Abanico tama\u00f1o grande (27 cms) pintado a mano en seda natural 100%. Abanico grande aire de luces con cristales Swarovski. Varillaje: Varillas de madera bocap\u00ed pulidas por las dos caras. Colecci\u00f3n: Pertenece a la colecci\u00f3n Al-\u00c1ndalus con tonalidades en azul y filigrana en verde jade. Medidas: 27 cms. Tipo de seda: Crepe Sat\u00e9n. Complementos [&hellip;]<\/p>","protected":false},"featured_media":16851,"template":"","meta":{"om_disable_all_campaigns":false,"inline_featured_image":false,"_uag_custom_page_level_css":"","_monsterinsights_skip_tracking":false,"_monsterinsights_sitenote_active":false,"_monsterinsights_sitenote_note":"","_monsterinsights_sitenote_category":0,"_uf_show_specific_survey":0,"_uf_disable_surveys":false,"site-sidebar-layout":"default","site-content-layout":"","ast-site-content-layout":"default","site-content-style":"default","site-sidebar-style":"default","ast-global-header-display":"","ast-banner-title-visibility":"","ast-main-header-display":"","ast-hfb-above-header-display":"","ast-hfb-below-header-display":"","ast-hfb-mobile-header-display":"","site-post-title":"","ast-breadcrumbs-content":"","ast-featured-img":"","footer-sml-layout":"","theme-transparent-header-meta":"default","adv-header-id-meta":"","stick-header-meta":"","header-above-stick-meta":"","header-main-stick-meta":"","header-below-stick-meta":"","astra-migrate-meta-layouts":"set","ast-page-background-enabled":"default","ast-page-background-meta":{"desktop":{"background-color":"var(--ast-global-color-4)","background-image":"","background-repeat":"repeat","background-position":"center center","background-size":"auto","background-attachment":"scroll","background-type":"","background-media":"","overlay-type":"","overlay-color":"","overlay-opacity":"","overlay-gradient":""},"tablet":{"background-color":"","background-image":"","background-repeat":"repeat","background-position":"center center","background-size":"auto","background-attachment":"scroll","background-type":"","background-media":"","overlay-type":"","overlay-color":"","overlay-opacity":"","overlay-gradient":""},"mobile":{"background-color":"","background-image":"","background-repeat":"repeat","background-position":"center center","background-size":"auto","background-attachment":"scroll","background-type":"","background-media":"","overlay-type":"","overlay-color":"","overlay-opacity":"","overlay-gradient":""}},"ast-content-background-meta":{"desktop":{"background-color":"var(--ast-global-color-5)","background-image":"","background-repeat":"repeat","background-position":"center center","background-size":"auto","background-attachment":"scroll","background-type":"","background-media":"","overlay-type":"","overlay-color":"","overlay-opacity":"","overlay-gradient":""},"tablet":{"background-color":"var(--ast-global-color-5)","background-image":"","background-repeat":"repeat","background-position":"center center","background-size":"auto","background-attachment":"scroll","background-type":"","background-media":"","overlay-type":"","overlay-color":"","overlay-opacity":"","overlay-gradient":""},"mobile":{"background-color":"var(--ast-global-color-5)","background-image":"","background-repeat":"repeat","background-position":"center center","background-size":"auto","background-attachment":"scroll","background-type":"","background-media":"","overlay-type":"","overlay-color":"","overlay-opacity":"","overlay-gradient":""}},"_joinchat":[]},"product_brand":[],"product_cat":[88,90],"product_tag":[],"class_list":{"0":"post-16592","1":"product","2":"type-product","3":"status-publish","4":"has-post-thumbnail","6":"product_cat-vav-coleccion","7":"product_cat-vav-abanicos","8":"desktop-align-left","9":"tablet-align-left","10":"mobile-align-left","11":"ast-product-gallery-layout-first-image-large","12":"ast-product-gallery-with-no-image","13":"ast-magnify-disabled","14":"ast-product-tabs-layout-accordion","15":"ast-qv-on-image","17":"first","18":"instock","19":"sale","20":"sold-individually","21":"taxable","22":"shipping-taxable","23":"purchasable","24":"product-type-simple"},"aioseo_notices":[],"uagb_featured_image_src":{"full":["https:\/\/pepitina.com\/wp-content\/uploads\/2024\/06\/ABLSTAS_7_SW_000002-scaled.jpg",1922,2560,false],"thumbnail":["https:\/\/pepitina.com\/wp-content\/uploads\/2024\/06\/ABLSTAS_7_SW_000002-scaled.jpg",72,96,false],"medium":["https:\/\/pepitina.com\/wp-content\/uploads\/2024\/06\/ABLSTAS_7_SW_000002-scaled.jpg",1922,2560,false],"medium_large":["https:\/\/pepitina.com\/wp-content\/uploads\/2024\/06\/ABLSTAS_7_SW_000002-768x1023.jpg",768,1023,true],"large":["https:\/\/pepitina.com\/wp-content\/uploads\/2024\/06\/ABLSTAS_7_SW_000002-scaled.jpg",1922,2560,false],"1536x1536":["https:\/\/pepitina.com\/wp-content\/uploads\/2024\/06\/ABLSTAS_7_SW_000002-1153x1536.jpg",1153,1536,true],"2048x2048":["https:\/\/pepitina.com\/wp-content\/uploads\/2024\/06\/ABLSTAS_7_SW_000002-1538x2048.jpg",1538,2048,true],"trp-custom-language-flag":["https:\/\/pepitina.com\/wp-content\/uploads\/2024\/06\/ABLSTAS_7_SW_000002-9x12.jpg",9,12,true],"woocommerce_thumbnail":["https:\/\/pepitina.com\/wp-content\/uploads\/2024\/06\/ABLSTAS_7_SW_000002-800x1065.jpg",800,1065,true],"woocommerce_single":["https:\/\/pepitina.com\/wp-content\/uploads\/2024\/06\/ABLSTAS_7_SW_000002-800x1065.jpg",800,1065,true],"woocommerce_gallery_thumbnail":["https:\/\/pepitina.com\/wp-content\/uploads\/2024\/06\/ABLSTAS_7_SW_000002-100x100.jpg",100,100,true]},"uagb_author_info":{"display_name":"Alejandra Peinado Garc\u00eda","author_link":"https:\/\/pepitina.com\/en\/author\/"},"uagb_comment_info":0,"uagb_excerpt":"Descripci\u00f3n: Abanico tama\u00f1o grande (27 cms) pintado a mano en seda natural 100%. Abanico grande aire de luces con cristales Swarovski. Varillaje: Varillas de madera bocap\u00ed pulidas por las dos caras. Colecci\u00f3n: Pertenece a la colecci\u00f3n Al-\u00c1ndalus con tonalidades en azul y filigrana en verde jade. Medidas: 27 cms. Tipo de seda: Crepe Sat\u00e9n. Complementos&hellip;","_links":{"self":[{"href":"https:\/\/pepitina.com\/en\/wp-json\/wp\/v2\/product\/16592","targetHints":{"allow":["GET"]}}],"collection":[{"href":"https:\/\/pepitina.com\/en\/wp-json\/wp\/v2\/product"}],"about":[{"href":"https:\/\/pepitina.com\/en\/wp-json\/wp\/v2\/types\/product"}],"version-history":[{"count":4,"href":"https:\/\/pepitina.com\/en\/wp-json\/wp\/v2\/product\/16592\/revisions"}],"predecessor-version":[{"id":18022,"href":"https:\/\/pepitina.com\/en\/wp-json\/wp\/v2\/product\/16592\/revisions\/18022"}],"wp:featuredmedia":[{"embeddable":true,"href":"https:\/\/pepitina.com\/en\/wp-json\/wp\/v2\/media\/16851"}],"wp:attachment":[{"href":"https:\/\/pepitina.com\/en\/wp-json\/wp\/v2\/media?parent=16592"}],"wp:term":[{"taxonomy":"product_brand","embeddable":true,"href":"https:\/\/pepitina.com\/en\/wp-json\/wp\/v2\/product_brand?post=16592"},{"taxonomy":"product_cat","embeddable":true,"href":"https:\/\/pepitina.com\/en\/wp-json\/wp\/v2\/product_cat?post=16592"},{"taxonomy":"product_tag","embeddable":true,"href":"https:\/\/pepitina.com\/en\/wp-json\/wp\/v2\/product_tag?post=16592"}],"curies":[{"name":"wp","href":"https:\/\/api.w.org\/{rel}","templated":true}]}}