{"id":16679,"date":"2024-07-02T19:22:01","date_gmt":"2024-07-02T17:22:01","guid":{"rendered":"https:\/\/pepitina.com\/?post_type=product&#038;p=16679"},"modified":"2025-05-14T11:40:30","modified_gmt":"2025-05-14T09:40:30","slug":"corset-difuminado-multicolor","status":"publish","type":"product","link":"https:\/\/pepitina.com\/en\/p\/corset-difuminado-multicolor\/","title":{"rendered":"Corset difuminado multicolor"},"content":{"rendered":"<ul>\n<li>Corset hecho a mano y pintado en seda natural 100%.<\/li>\n<li>Corset difuminado multicolor, dise\u00f1ado con un degradado de verdes, magentas y amarillos que se mezclan entre s\u00ed.<\/li>\n<li>Silk Type: Crepe Satin.<\/li>\n<li>Talla: M-XL, abarca diferentes tallas ya que el panel de modestia le permite ajustarse en mayor o menor medida al cuerpo.<\/li>\n<li>Cordones de ajuste especiales de sat\u00e9n.<\/li>\n<li>Packaging: Caja artesanal forrada de papel Geltex y certificado de calidad del producto.<\/li>\n<li>Lavado en seco. Instrucciones en la etiqueta.<\/li>\n<li>Pieza \u00fanica y exclusiva.<\/li>\n<\/ul>","protected":false},"excerpt":{"rendered":"<p>Corset hecho a mano y pintado en seda natural 100%. Corset difuminado multicolor, dise\u00f1ado con un degradado de verdes, magentas y amarillos que se mezclan entre s\u00ed. Tipo de seda: Crepe Sat\u00e9n. Talla: M-XL, abarca diferentes tallas ya que el panel de modestia le permite ajustarse en mayor o menor medida al cuerpo. Cordones de [&hellip;]<\/p>","protected":false},"featured_media":16681,"template":"","meta":{"om_disable_all_campaigns":false,"inline_featured_image":false,"_uag_custom_page_level_css":"","_monsterinsights_skip_tracking":false,"_monsterinsights_sitenote_active":false,"_monsterinsights_sitenote_note":"","_monsterinsights_sitenote_category":0,"_uf_show_specific_survey":0,"_uf_disable_surveys":false,"site-sidebar-layout":"default","site-content-layout":"","ast-site-content-layout":"default","site-content-style":"default","site-sidebar-style":"default","ast-global-header-display":"","ast-banner-title-visibility":"","ast-main-header-display":"","ast-hfb-above-header-display":"","ast-hfb-below-header-display":"","ast-hfb-mobile-header-display":"","site-post-title":"","ast-breadcrumbs-content":"","ast-featured-img":"","footer-sml-layout":"","theme-transparent-header-meta":"default","adv-header-id-meta":"","stick-header-meta":"","header-above-stick-meta":"","header-main-stick-meta":"","header-below-stick-meta":"","astra-migrate-meta-layouts":"set","ast-page-background-enabled":"default","ast-page-background-meta":{"desktop":{"background-color":"var(--ast-global-color-4)","background-image":"","background-repeat":"repeat","background-position":"center center","background-size":"auto","background-attachment":"scroll","background-type":"","background-media":"","overlay-type":"","overlay-color":"","overlay-opacity":"","overlay-gradient":""},"tablet":{"background-color":"","background-image":"","background-repeat":"repeat","background-position":"center center","background-size":"auto","background-attachment":"scroll","background-type":"","background-media":"","overlay-type":"","overlay-color":"","overlay-opacity":"","overlay-gradient":""},"mobile":{"background-color":"","background-image":"","background-repeat":"repeat","background-position":"center center","background-size":"auto","background-attachment":"scroll","background-type":"","background-media":"","overlay-type":"","overlay-color":"","overlay-opacity":"","overlay-gradient":""}},"ast-content-background-meta":{"desktop":{"background-color":"var(--ast-global-color-5)","background-image":"","background-repeat":"repeat","background-position":"center center","background-size":"auto","background-attachment":"scroll","background-type":"","background-media":"","overlay-type":"","overlay-color":"","overlay-opacity":"","overlay-gradient":""},"tablet":{"background-color":"var(--ast-global-color-5)","background-image":"","background-repeat":"repeat","background-position":"center center","background-size":"auto","background-attachment":"scroll","background-type":"","background-media":"","overlay-type":"","overlay-color":"","overlay-opacity":"","overlay-gradient":""},"mobile":{"background-color":"var(--ast-global-color-5)","background-image":"","background-repeat":"repeat","background-position":"center center","background-size":"auto","background-attachment":"scroll","background-type":"","background-media":"","overlay-type":"","overlay-color":"","overlay-opacity":"","overlay-gradient":""}},"_joinchat":[]},"product_brand":[],"product_cat":[88,93],"product_tag":[99,100,104],"class_list":{"0":"post-16679","1":"product","2":"type-product","3":"status-publish","4":"has-post-thumbnail","6":"product_cat-vav-coleccion","7":"product_cat-vav-corsets-y-bustiers","8":"product_tag-corset","9":"product_tag-difuminado","10":"product_tag-multicolor","11":"desktop-align-left","12":"tablet-align-left","13":"mobile-align-left","14":"ast-product-gallery-layout-first-image-large","15":"ast-magnify-disabled","16":"ast-product-tabs-layout-accordion","17":"ast-qv-on-image","19":"first","20":"instock","21":"sale","22":"sold-individually","23":"taxable","24":"shipping-taxable","25":"purchasable","26":"product-type-simple"},"aioseo_notices":[],"uagb_featured_image_src":{"full":["https:\/\/pepitina.com\/wp-content\/uploads\/2024\/07\/CRSSTDF_MLT_000001_40-scaled.jpg",1922,2560,false],"thumbnail":["https:\/\/pepitina.com\/wp-content\/uploads\/2024\/07\/CRSSTDF_MLT_000001_40-scaled.jpg",72,96,false],"medium":["https:\/\/pepitina.com\/wp-content\/uploads\/2024\/07\/CRSSTDF_MLT_000001_40-scaled.jpg",1922,2560,false],"medium_large":["https:\/\/pepitina.com\/wp-content\/uploads\/2024\/07\/CRSSTDF_MLT_000001_40-768x1023.jpg",768,1023,true],"large":["https:\/\/pepitina.com\/wp-content\/uploads\/2024\/07\/CRSSTDF_MLT_000001_40-scaled.jpg",1922,2560,false],"1536x1536":["https:\/\/pepitina.com\/wp-content\/uploads\/2024\/07\/CRSSTDF_MLT_000001_40-1153x1536.jpg",1153,1536,true],"2048x2048":["https:\/\/pepitina.com\/wp-content\/uploads\/2024\/07\/CRSSTDF_MLT_000001_40-1538x2048.jpg",1538,2048,true],"trp-custom-language-flag":["https:\/\/pepitina.com\/wp-content\/uploads\/2024\/07\/CRSSTDF_MLT_000001_40-9x12.jpg",9,12,true],"woocommerce_thumbnail":["https:\/\/pepitina.com\/wp-content\/uploads\/2024\/07\/CRSSTDF_MLT_000001_40-800x1065.jpg",800,1065,true],"woocommerce_single":["https:\/\/pepitina.com\/wp-content\/uploads\/2024\/07\/CRSSTDF_MLT_000001_40-800x1065.jpg",800,1065,true],"woocommerce_gallery_thumbnail":["https:\/\/pepitina.com\/wp-content\/uploads\/2024\/07\/CRSSTDF_MLT_000001_40-100x100.jpg",100,100,true]},"uagb_author_info":{"display_name":"Alejandra Peinado Garc\u00eda","author_link":"https:\/\/pepitina.com\/en\/author\/"},"uagb_comment_info":0,"uagb_excerpt":"Corset hecho a mano y pintado en seda natural 100%. Corset difuminado multicolor, dise\u00f1ado con un degradado de verdes, magentas y amarillos que se mezclan entre s\u00ed. Tipo de seda: Crepe Sat\u00e9n. Talla: M-XL, abarca diferentes tallas ya que el panel de modestia le permite ajustarse en mayor o menor medida al cuerpo. Cordones de&hellip;","_links":{"self":[{"href":"https:\/\/pepitina.com\/en\/wp-json\/wp\/v2\/product\/16679","targetHints":{"allow":["GET"]}}],"collection":[{"href":"https:\/\/pepitina.com\/en\/wp-json\/wp\/v2\/product"}],"about":[{"href":"https:\/\/pepitina.com\/en\/wp-json\/wp\/v2\/types\/product"}],"version-history":[{"count":6,"href":"https:\/\/pepitina.com\/en\/wp-json\/wp\/v2\/product\/16679\/revisions"}],"predecessor-version":[{"id":16716,"href":"https:\/\/pepitina.com\/en\/wp-json\/wp\/v2\/product\/16679\/revisions\/16716"}],"wp:featuredmedia":[{"embeddable":true,"href":"https:\/\/pepitina.com\/en\/wp-json\/wp\/v2\/media\/16681"}],"wp:attachment":[{"href":"https:\/\/pepitina.com\/en\/wp-json\/wp\/v2\/media?parent=16679"}],"wp:term":[{"taxonomy":"product_brand","embeddable":true,"href":"https:\/\/pepitina.com\/en\/wp-json\/wp\/v2\/product_brand?post=16679"},{"taxonomy":"product_cat","embeddable":true,"href":"https:\/\/pepitina.com\/en\/wp-json\/wp\/v2\/product_cat?post=16679"},{"taxonomy":"product_tag","embeddable":true,"href":"https:\/\/pepitina.com\/en\/wp-json\/wp\/v2\/product_tag?post=16679"}],"curies":[{"name":"wp","href":"https:\/\/api.w.org\/{rel}","templated":true}]}}