{"id":16981,"date":"2024-07-17T10:47:13","date_gmt":"2024-07-17T08:47:13","guid":{"rendered":"https:\/\/pepitina.com\/?post_type=product&#038;p=16981"},"modified":"2025-06-06T20:56:29","modified_gmt":"2025-06-06T18:56:29","slug":"capa-aire-boheme-azul-corta-flecada","status":"publish","type":"product","link":"https:\/\/pepitina.com\/en\/p\/capa-aire-boheme-azul-corta-flecada\/","title":{"rendered":"Capa aire Boheme azul corta flecada"},"content":{"rendered":"<ul>\n<li>Capa aire Boheme azul corta flecada.<\/li>\n<li>Capa de seda pintada, cosida a mano y flecada artesanalmente por maestras flecadoras.<\/li>\n<li>Pertenece a la colecci\u00f3n Boheme.<\/li>\n<li>Su dise\u00f1o est\u00e1 inspirado en la geometr\u00eda de Vasili Kandinsky. El color protagonista de esta capa es el azul y el jade.<\/li>\n<li>Flecos en color azul en concordancia con el fondo.<\/li>\n<li>Ha sido pintada a mano siguiendo un proceso 100% artesanal con tintes naturales y siguiendo escrupulosamente t\u00e9cnicas milenarias ancestrales.<\/li>\n<li>Medidas: 106&#215;84 cm.<\/li>\n<li>Silk Type: Satin.<\/li>\n<li>Hand-edged with silk thread.<\/li>\n<li>One size.<\/li>\n<\/ul>","protected":false},"excerpt":{"rendered":"<p>Capa aire Boheme azul corta flecada. Capa de seda pintada, cosida a mano y flecada artesanalmente por maestras flecadoras. Pertenece a la colecci\u00f3n Boheme. Su dise\u00f1o est\u00e1 inspirado en la geometr\u00eda de Vasili Kandinsky. El color protagonista de esta capa es el azul y el jade. Flecos en color azul en concordancia con el fondo. [&hellip;]<\/p>","protected":false},"featured_media":16984,"template":"","meta":{"om_disable_all_campaigns":false,"inline_featured_image":false,"_uag_custom_page_level_css":"","_monsterinsights_skip_tracking":false,"_monsterinsights_sitenote_active":true,"_monsterinsights_sitenote_note":"Published: Capa aire Boheme azul corta flecada","_monsterinsights_sitenote_category":135,"_uf_show_specific_survey":0,"_uf_disable_surveys":false,"site-sidebar-layout":"default","site-content-layout":"","ast-site-content-layout":"default","site-content-style":"default","site-sidebar-style":"default","ast-global-header-display":"","ast-banner-title-visibility":"","ast-main-header-display":"","ast-hfb-above-header-display":"","ast-hfb-below-header-display":"","ast-hfb-mobile-header-display":"","site-post-title":"","ast-breadcrumbs-content":"","ast-featured-img":"","footer-sml-layout":"","theme-transparent-header-meta":"default","adv-header-id-meta":"","stick-header-meta":"","header-above-stick-meta":"","header-main-stick-meta":"","header-below-stick-meta":"","astra-migrate-meta-layouts":"set","ast-page-background-enabled":"default","ast-page-background-meta":{"desktop":{"background-color":"var(--ast-global-color-4)","background-image":"","background-repeat":"repeat","background-position":"center center","background-size":"auto","background-attachment":"scroll","background-type":"","background-media":"","overlay-type":"","overlay-color":"","overlay-opacity":"","overlay-gradient":""},"tablet":{"background-color":"","background-image":"","background-repeat":"repeat","background-position":"center center","background-size":"auto","background-attachment":"scroll","background-type":"","background-media":"","overlay-type":"","overlay-color":"","overlay-opacity":"","overlay-gradient":""},"mobile":{"background-color":"","background-image":"","background-repeat":"repeat","background-position":"center center","background-size":"auto","background-attachment":"scroll","background-type":"","background-media":"","overlay-type":"","overlay-color":"","overlay-opacity":"","overlay-gradient":""}},"ast-content-background-meta":{"desktop":{"background-color":"var(--ast-global-color-5)","background-image":"","background-repeat":"repeat","background-position":"center center","background-size":"auto","background-attachment":"scroll","background-type":"","background-media":"","overlay-type":"","overlay-color":"","overlay-opacity":"","overlay-gradient":""},"tablet":{"background-color":"var(--ast-global-color-5)","background-image":"","background-repeat":"repeat","background-position":"center center","background-size":"auto","background-attachment":"scroll","background-type":"","background-media":"","overlay-type":"","overlay-color":"","overlay-opacity":"","overlay-gradient":""},"mobile":{"background-color":"var(--ast-global-color-5)","background-image":"","background-repeat":"repeat","background-position":"center center","background-size":"auto","background-attachment":"scroll","background-type":"","background-media":"","overlay-type":"","overlay-color":"","overlay-opacity":"","overlay-gradient":""}},"_joinchat":[]},"product_brand":[],"product_cat":[88,91],"product_tag":[],"class_list":{"0":"post-16981","1":"product","2":"type-product","3":"status-publish","4":"has-post-thumbnail","6":"product_cat-vav-coleccion","7":"product_cat-vav-capas","8":"desktop-align-left","9":"tablet-align-left","10":"mobile-align-left","11":"ast-product-gallery-layout-first-image-large","12":"ast-magnify-disabled","13":"ast-product-tabs-layout-accordion","14":"ast-qv-on-image","16":"first","17":"outofstock","18":"sale","19":"sold-individually","20":"taxable","21":"shipping-taxable","22":"purchasable","23":"product-type-simple"},"aioseo_notices":[],"uagb_featured_image_src":{"full":["https:\/\/pepitina.com\/wp-content\/uploads\/2024\/07\/CAFSTBH_7_000001_84106-scaled-e1721206809110.jpg",1877,2560,false],"thumbnail":["https:\/\/pepitina.com\/wp-content\/uploads\/2024\/07\/CAFSTBH_7_000001_84106-scaled-e1721206809110.jpg",70,96,false],"medium":["https:\/\/pepitina.com\/wp-content\/uploads\/2024\/07\/CAFSTBH_7_000001_84106-scaled-e1721206809110.jpg",1877,2560,false],"medium_large":["https:\/\/pepitina.com\/wp-content\/uploads\/2024\/07\/CAFSTBH_7_000001_84106-scaled-e1721206809110-768x1047.jpg",768,1047,true],"large":["https:\/\/pepitina.com\/wp-content\/uploads\/2024\/07\/CAFSTBH_7_000001_84106-scaled-e1721206809110.jpg",1877,2560,false],"1536x1536":["https:\/\/pepitina.com\/wp-content\/uploads\/2024\/07\/CAFSTBH_7_000001_84106-scaled-e1721206809110-1126x1536.jpg",1126,1536,true],"2048x2048":["https:\/\/pepitina.com\/wp-content\/uploads\/2024\/07\/CAFSTBH_7_000001_84106-scaled-e1721206809110-1502x2048.jpg",1502,2048,true],"trp-custom-language-flag":["https:\/\/pepitina.com\/wp-content\/uploads\/2024\/07\/CAFSTBH_7_000001_84106-scaled-e1721206809110-9x12.jpg",9,12,true],"woocommerce_thumbnail":["https:\/\/pepitina.com\/wp-content\/uploads\/2024\/07\/CAFSTBH_7_000001_84106-scaled-e1721206809110-800x1091.jpg",800,1091,true],"woocommerce_single":["https:\/\/pepitina.com\/wp-content\/uploads\/2024\/07\/CAFSTBH_7_000001_84106-scaled-e1721206809110-800x1091.jpg",800,1091,true],"woocommerce_gallery_thumbnail":["https:\/\/pepitina.com\/wp-content\/uploads\/2024\/07\/CAFSTBH_7_000001_84106-scaled-e1721206809110-100x100.jpg",100,100,true]},"uagb_author_info":{"display_name":"Alejandra Peinado Garc\u00eda","author_link":"https:\/\/pepitina.com\/en\/author\/"},"uagb_comment_info":0,"uagb_excerpt":"Capa aire Boheme azul corta flecada. Capa de seda pintada, cosida a mano y flecada artesanalmente por maestras flecadoras. Pertenece a la colecci\u00f3n Boheme. Su dise\u00f1o est\u00e1 inspirado en la geometr\u00eda de Vasili Kandinsky. El color protagonista de esta capa es el azul y el jade. Flecos en color azul en concordancia con el fondo.&hellip;","_links":{"self":[{"href":"https:\/\/pepitina.com\/en\/wp-json\/wp\/v2\/product\/16981","targetHints":{"allow":["GET"]}}],"collection":[{"href":"https:\/\/pepitina.com\/en\/wp-json\/wp\/v2\/product"}],"about":[{"href":"https:\/\/pepitina.com\/en\/wp-json\/wp\/v2\/types\/product"}],"version-history":[{"count":3,"href":"https:\/\/pepitina.com\/en\/wp-json\/wp\/v2\/product\/16981\/revisions"}],"predecessor-version":[{"id":18063,"href":"https:\/\/pepitina.com\/en\/wp-json\/wp\/v2\/product\/16981\/revisions\/18063"}],"wp:featuredmedia":[{"embeddable":true,"href":"https:\/\/pepitina.com\/en\/wp-json\/wp\/v2\/media\/16984"}],"wp:attachment":[{"href":"https:\/\/pepitina.com\/en\/wp-json\/wp\/v2\/media?parent=16981"}],"wp:term":[{"taxonomy":"product_brand","embeddable":true,"href":"https:\/\/pepitina.com\/en\/wp-json\/wp\/v2\/product_brand?post=16981"},{"taxonomy":"product_cat","embeddable":true,"href":"https:\/\/pepitina.com\/en\/wp-json\/wp\/v2\/product_cat?post=16981"},{"taxonomy":"product_tag","embeddable":true,"href":"https:\/\/pepitina.com\/en\/wp-json\/wp\/v2\/product_tag?post=16981"}],"curies":[{"name":"wp","href":"https:\/\/api.w.org\/{rel}","templated":true}]}}