{"id":17005,"date":"2024-07-17T20:42:21","date_gmt":"2024-07-17T18:42:21","guid":{"rendered":"https:\/\/pepitina.com\/?post_type=product&#038;p=17005"},"modified":"2025-05-14T11:48:46","modified_gmt":"2025-05-14T09:48:46","slug":"kimono-essence-azul","status":"publish","type":"product","link":"https:\/\/pepitina.com\/en\/p\/kimono-essence-azul\/","title":{"rendered":"Kimono Essence azul"},"content":{"rendered":"<ul>\n<li>Kimono Essence azul de alta costura confeccionado a mano por un sastre.<\/li>\n<li>Kimono de seda pintado, orillado y cosido a mano con costura francesa.<\/li>\n<li>Piece conceived according to the Slow Fashion philosophy destined to last over time.<\/li>\n<li>Silk Type: Crepe Satin.<\/li>\n<li>One size.<\/li>\n<li>Pertenece a la colecci\u00f3n Essence, decorado con una flor azul escorada en la parte derecha de la espalda y la manga derecha.<\/li>\n<li>Ha sido pintada a mano siguiendo un proceso 100% artesanal con tintes naturales y siguiendo escrupulosamente t\u00e9cnicas milenarias ancestrales.<\/li>\n<\/ul>","protected":false},"excerpt":{"rendered":"<p>Kimono Essence azul de alta costura confeccionado a mano por un sastre. Kimono de seda pintado, orillado y cosido a mano con costura francesa. Pieza concebida seg\u00fan la filosof\u00eda de Slow Fashion destinada a durar en el tiempo. Tipo de seda: Crepe Sat\u00e9n. Talla \u00fanica. Pertenece a la colecci\u00f3n Essence, decorado con una flor azul [&hellip;]<\/p>","protected":false},"featured_media":17021,"template":"","meta":{"om_disable_all_campaigns":false,"inline_featured_image":false,"_uag_custom_page_level_css":"","_monsterinsights_skip_tracking":false,"_monsterinsights_sitenote_active":true,"_monsterinsights_sitenote_note":"Published: Kimono Essence azul","_monsterinsights_sitenote_category":135,"_uf_show_specific_survey":0,"_uf_disable_surveys":false,"site-sidebar-layout":"default","site-content-layout":"","ast-site-content-layout":"default","site-content-style":"default","site-sidebar-style":"default","ast-global-header-display":"","ast-banner-title-visibility":"","ast-main-header-display":"","ast-hfb-above-header-display":"","ast-hfb-below-header-display":"","ast-hfb-mobile-header-display":"","site-post-title":"","ast-breadcrumbs-content":"","ast-featured-img":"","footer-sml-layout":"","theme-transparent-header-meta":"default","adv-header-id-meta":"","stick-header-meta":"","header-above-stick-meta":"","header-main-stick-meta":"","header-below-stick-meta":"","astra-migrate-meta-layouts":"set","ast-page-background-enabled":"default","ast-page-background-meta":{"desktop":{"background-color":"var(--ast-global-color-4)","background-image":"","background-repeat":"repeat","background-position":"center center","background-size":"auto","background-attachment":"scroll","background-type":"","background-media":"","overlay-type":"","overlay-color":"","overlay-opacity":"","overlay-gradient":""},"tablet":{"background-color":"","background-image":"","background-repeat":"repeat","background-position":"center center","background-size":"auto","background-attachment":"scroll","background-type":"","background-media":"","overlay-type":"","overlay-color":"","overlay-opacity":"","overlay-gradient":""},"mobile":{"background-color":"","background-image":"","background-repeat":"repeat","background-position":"center center","background-size":"auto","background-attachment":"scroll","background-type":"","background-media":"","overlay-type":"","overlay-color":"","overlay-opacity":"","overlay-gradient":""}},"ast-content-background-meta":{"desktop":{"background-color":"var(--ast-global-color-5)","background-image":"","background-repeat":"repeat","background-position":"center center","background-size":"auto","background-attachment":"scroll","background-type":"","background-media":"","overlay-type":"","overlay-color":"","overlay-opacity":"","overlay-gradient":""},"tablet":{"background-color":"var(--ast-global-color-5)","background-image":"","background-repeat":"repeat","background-position":"center center","background-size":"auto","background-attachment":"scroll","background-type":"","background-media":"","overlay-type":"","overlay-color":"","overlay-opacity":"","overlay-gradient":""},"mobile":{"background-color":"var(--ast-global-color-5)","background-image":"","background-repeat":"repeat","background-position":"center center","background-size":"auto","background-attachment":"scroll","background-type":"","background-media":"","overlay-type":"","overlay-color":"","overlay-opacity":"","overlay-gradient":""}},"_joinchat":[]},"product_brand":[],"product_cat":[88,144],"product_tag":[],"class_list":{"0":"post-17005","1":"product","2":"type-product","3":"status-publish","4":"has-post-thumbnail","6":"product_cat-vav-coleccion","7":"product_cat-vav-kimonos","8":"desktop-align-left","9":"tablet-align-left","10":"mobile-align-left","11":"ast-product-gallery-layout-first-image-large","12":"ast-magnify-disabled","13":"ast-product-tabs-layout-accordion","14":"ast-qv-on-image","16":"first","17":"instock","18":"sale","19":"sold-individually","20":"taxable","21":"shipping-taxable","22":"purchasable","23":"product-type-simple"},"aioseo_notices":[],"uagb_featured_image_src":{"full":["https:\/\/pepitina.com\/wp-content\/uploads\/2024\/07\/KISTESXX_8_000001_U-scaled-e1721240946996.jpg",1762,2560,false],"thumbnail":["https:\/\/pepitina.com\/wp-content\/uploads\/2024\/07\/KISTESXX_8_000001_U-scaled-e1721240946996.jpg",66,96,false],"medium":["https:\/\/pepitina.com\/wp-content\/uploads\/2024\/07\/KISTESXX_8_000001_U-scaled-e1721240946996.jpg",1762,2560,false],"medium_large":["https:\/\/pepitina.com\/wp-content\/uploads\/2024\/07\/KISTESXX_8_000001_U-scaled-e1721240946996-768x1116.jpg",768,1116,true],"large":["https:\/\/pepitina.com\/wp-content\/uploads\/2024\/07\/KISTESXX_8_000001_U-scaled-e1721240946996.jpg",1762,2560,false],"1536x1536":["https:\/\/pepitina.com\/wp-content\/uploads\/2024\/07\/KISTESXX_8_000001_U-scaled-e1721240946996-1057x1536.jpg",1057,1536,true],"2048x2048":["https:\/\/pepitina.com\/wp-content\/uploads\/2024\/07\/KISTESXX_8_000001_U-scaled-e1721240946996-1410x2048.jpg",1410,2048,true],"trp-custom-language-flag":["https:\/\/pepitina.com\/wp-content\/uploads\/2024\/07\/KISTESXX_8_000001_U-scaled-e1721240946996-8x12.jpg",8,12,true],"woocommerce_thumbnail":["https:\/\/pepitina.com\/wp-content\/uploads\/2024\/07\/KISTESXX_8_000001_U-scaled-e1721240946996-800x1162.jpg",800,1162,true],"woocommerce_single":["https:\/\/pepitina.com\/wp-content\/uploads\/2024\/07\/KISTESXX_8_000001_U-scaled-e1721240946996-800x1162.jpg",800,1162,true],"woocommerce_gallery_thumbnail":["https:\/\/pepitina.com\/wp-content\/uploads\/2024\/07\/KISTESXX_8_000001_U-scaled-e1721240946996-100x100.jpg",100,100,true]},"uagb_author_info":{"display_name":"Alejandra Peinado Garc\u00eda","author_link":"https:\/\/pepitina.com\/en\/author\/"},"uagb_comment_info":0,"uagb_excerpt":"Kimono Essence azul de alta costura confeccionado a mano por un sastre. Kimono de seda pintado, orillado y cosido a mano con costura francesa. Pieza concebida seg\u00fan la filosof\u00eda de Slow Fashion destinada a durar en el tiempo. Tipo de seda: Crepe Sat\u00e9n. Talla \u00fanica. Pertenece a la colecci\u00f3n Essence, decorado con una flor azul&hellip;","_links":{"self":[{"href":"https:\/\/pepitina.com\/en\/wp-json\/wp\/v2\/product\/17005","targetHints":{"allow":["GET"]}}],"collection":[{"href":"https:\/\/pepitina.com\/en\/wp-json\/wp\/v2\/product"}],"about":[{"href":"https:\/\/pepitina.com\/en\/wp-json\/wp\/v2\/types\/product"}],"version-history":[{"count":3,"href":"https:\/\/pepitina.com\/en\/wp-json\/wp\/v2\/product\/17005\/revisions"}],"predecessor-version":[{"id":18119,"href":"https:\/\/pepitina.com\/en\/wp-json\/wp\/v2\/product\/17005\/revisions\/18119"}],"wp:featuredmedia":[{"embeddable":true,"href":"https:\/\/pepitina.com\/en\/wp-json\/wp\/v2\/media\/17021"}],"wp:attachment":[{"href":"https:\/\/pepitina.com\/en\/wp-json\/wp\/v2\/media?parent=17005"}],"wp:term":[{"taxonomy":"product_brand","embeddable":true,"href":"https:\/\/pepitina.com\/en\/wp-json\/wp\/v2\/product_brand?post=17005"},{"taxonomy":"product_cat","embeddable":true,"href":"https:\/\/pepitina.com\/en\/wp-json\/wp\/v2\/product_cat?post=17005"},{"taxonomy":"product_tag","embeddable":true,"href":"https:\/\/pepitina.com\/en\/wp-json\/wp\/v2\/product_tag?post=17005"}],"curies":[{"name":"wp","href":"https:\/\/api.w.org\/{rel}","templated":true}]}}