{"id":17138,"date":"2024-07-19T11:58:06","date_gmt":"2024-07-19T09:58:06","guid":{"rendered":"https:\/\/pepitina.com\/?post_type=product&#038;p=17138"},"modified":"2025-05-08T19:27:03","modified_gmt":"2025-05-08T17:27:03","slug":"capa-aire-animal-print-camel","status":"publish","type":"product","link":"https:\/\/pepitina.com\/en\/p\/capa-aire-animal-print-camel\/","title":{"rendered":"Capa aire animal print camel"},"content":{"rendered":"<ul>\n<li>Capa aire animal print camel.<\/li>\n<li>Piece conceived according to the Slow Fashion philosophy destined to last over time.<\/li>\n<li>Capa de seda pintada y orillada a mano con hilo de seda.<\/li>\n<li>Capa en tono c\u00e1mel con decoraci\u00f3n de animal print en tonos amarillo y verde oliva dorado.<\/li>\n<li>Medidas: 170&#215;105 cm.<\/li>\n<li>Pertenece a la colecci\u00f3n Animal Print.<\/li>\n<li>Silk Type: Satin.<\/li>\n<li>One size.<\/li>\n<\/ul>","protected":false},"excerpt":{"rendered":"<p>Capa aire animal print camel. Pieza concebida seg\u00fan la filosof\u00eda de Slow Fashion destinada a durar en el tiempo. Capa de seda pintada y orillada a mano con hilo de seda. Capa en tono c\u00e1mel con decoraci\u00f3n de animal print en tonos amarillo y verde oliva dorado. Medidas: 170&#215;105 cm. Pertenece a la colecci\u00f3n Animal [&hellip;]<\/p>","protected":false},"featured_media":17145,"template":"","meta":{"om_disable_all_campaigns":false,"inline_featured_image":false,"_uag_custom_page_level_css":"","_monsterinsights_skip_tracking":false,"_monsterinsights_sitenote_active":true,"_monsterinsights_sitenote_note":"Published: Capa aire animal print camel","_monsterinsights_sitenote_category":135,"_uf_show_specific_survey":0,"_uf_disable_surveys":false,"site-sidebar-layout":"default","site-content-layout":"","ast-site-content-layout":"default","site-content-style":"default","site-sidebar-style":"default","ast-global-header-display":"","ast-banner-title-visibility":"","ast-main-header-display":"","ast-hfb-above-header-display":"","ast-hfb-below-header-display":"","ast-hfb-mobile-header-display":"","site-post-title":"","ast-breadcrumbs-content":"","ast-featured-img":"","footer-sml-layout":"","theme-transparent-header-meta":"default","adv-header-id-meta":"","stick-header-meta":"","header-above-stick-meta":"","header-main-stick-meta":"","header-below-stick-meta":"","astra-migrate-meta-layouts":"set","ast-page-background-enabled":"default","ast-page-background-meta":{"desktop":{"background-color":"var(--ast-global-color-4)","background-image":"","background-repeat":"repeat","background-position":"center center","background-size":"auto","background-attachment":"scroll","background-type":"","background-media":"","overlay-type":"","overlay-color":"","overlay-opacity":"","overlay-gradient":""},"tablet":{"background-color":"","background-image":"","background-repeat":"repeat","background-position":"center center","background-size":"auto","background-attachment":"scroll","background-type":"","background-media":"","overlay-type":"","overlay-color":"","overlay-opacity":"","overlay-gradient":""},"mobile":{"background-color":"","background-image":"","background-repeat":"repeat","background-position":"center center","background-size":"auto","background-attachment":"scroll","background-type":"","background-media":"","overlay-type":"","overlay-color":"","overlay-opacity":"","overlay-gradient":""}},"ast-content-background-meta":{"desktop":{"background-color":"var(--ast-global-color-5)","background-image":"","background-repeat":"repeat","background-position":"center center","background-size":"auto","background-attachment":"scroll","background-type":"","background-media":"","overlay-type":"","overlay-color":"","overlay-opacity":"","overlay-gradient":""},"tablet":{"background-color":"var(--ast-global-color-5)","background-image":"","background-repeat":"repeat","background-position":"center center","background-size":"auto","background-attachment":"scroll","background-type":"","background-media":"","overlay-type":"","overlay-color":"","overlay-opacity":"","overlay-gradient":""},"mobile":{"background-color":"var(--ast-global-color-5)","background-image":"","background-repeat":"repeat","background-position":"center center","background-size":"auto","background-attachment":"scroll","background-type":"","background-media":"","overlay-type":"","overlay-color":"","overlay-opacity":"","overlay-gradient":""}},"_joinchat":[]},"product_brand":[],"product_cat":[88,91],"product_tag":[],"class_list":{"0":"post-17138","1":"product","2":"type-product","3":"status-publish","4":"has-post-thumbnail","6":"product_cat-vav-coleccion","7":"product_cat-vav-capas","8":"desktop-align-left","9":"tablet-align-left","10":"mobile-align-left","11":"ast-product-gallery-layout-first-image-large","12":"ast-magnify-disabled","13":"ast-product-tabs-layout-accordion","14":"ast-qv-on-image","16":"first","17":"instock","18":"sale","19":"sold-individually","20":"taxable","21":"shipping-taxable","22":"purchasable","23":"product-type-simple"},"aioseo_notices":[],"uagb_featured_image_src":{"full":["https:\/\/pepitina.com\/wp-content\/uploads\/2024\/07\/CASTAP_13_000001_170105-scaled.jpg",1897,2560,false],"thumbnail":["https:\/\/pepitina.com\/wp-content\/uploads\/2024\/07\/CASTAP_13_000001_170105-scaled.jpg",71,96,false],"medium":["https:\/\/pepitina.com\/wp-content\/uploads\/2024\/07\/CASTAP_13_000001_170105-scaled.jpg",1897,2560,false],"medium_large":["https:\/\/pepitina.com\/wp-content\/uploads\/2024\/07\/CASTAP_13_000001_170105-768x1037.jpg",768,1037,true],"large":["https:\/\/pepitina.com\/wp-content\/uploads\/2024\/07\/CASTAP_13_000001_170105-scaled.jpg",1897,2560,false],"1536x1536":["https:\/\/pepitina.com\/wp-content\/uploads\/2024\/07\/CASTAP_13_000001_170105-1138x1536.jpg",1138,1536,true],"2048x2048":["https:\/\/pepitina.com\/wp-content\/uploads\/2024\/07\/CASTAP_13_000001_170105-1517x2048.jpg",1517,2048,true],"trp-custom-language-flag":["https:\/\/pepitina.com\/wp-content\/uploads\/2024\/07\/CASTAP_13_000001_170105-9x12.jpg",9,12,true],"woocommerce_thumbnail":["https:\/\/pepitina.com\/wp-content\/uploads\/2024\/07\/CASTAP_13_000001_170105-800x1080.jpg",800,1080,true],"woocommerce_single":["https:\/\/pepitina.com\/wp-content\/uploads\/2024\/07\/CASTAP_13_000001_170105-800x1080.jpg",800,1080,true],"woocommerce_gallery_thumbnail":["https:\/\/pepitina.com\/wp-content\/uploads\/2024\/07\/CASTAP_13_000001_170105-100x100.jpg",100,100,true]},"uagb_author_info":{"display_name":"Alejandra Peinado Garc\u00eda","author_link":"https:\/\/pepitina.com\/en\/author\/"},"uagb_comment_info":0,"uagb_excerpt":"Capa aire animal print camel. Pieza concebida seg\u00fan la filosof\u00eda de Slow Fashion destinada a durar en el tiempo. Capa de seda pintada y orillada a mano con hilo de seda. Capa en tono c\u00e1mel con decoraci\u00f3n de animal print en tonos amarillo y verde oliva dorado. Medidas: 170&#215;105 cm. Pertenece a la colecci\u00f3n Animal&hellip;","_links":{"self":[{"href":"https:\/\/pepitina.com\/en\/wp-json\/wp\/v2\/product\/17138","targetHints":{"allow":["GET"]}}],"collection":[{"href":"https:\/\/pepitina.com\/en\/wp-json\/wp\/v2\/product"}],"about":[{"href":"https:\/\/pepitina.com\/en\/wp-json\/wp\/v2\/types\/product"}],"version-history":[{"count":4,"href":"https:\/\/pepitina.com\/en\/wp-json\/wp\/v2\/product\/17138\/revisions"}],"predecessor-version":[{"id":18050,"href":"https:\/\/pepitina.com\/en\/wp-json\/wp\/v2\/product\/17138\/revisions\/18050"}],"wp:featuredmedia":[{"embeddable":true,"href":"https:\/\/pepitina.com\/en\/wp-json\/wp\/v2\/media\/17145"}],"wp:attachment":[{"href":"https:\/\/pepitina.com\/en\/wp-json\/wp\/v2\/media?parent=17138"}],"wp:term":[{"taxonomy":"product_brand","embeddable":true,"href":"https:\/\/pepitina.com\/en\/wp-json\/wp\/v2\/product_brand?post=17138"},{"taxonomy":"product_cat","embeddable":true,"href":"https:\/\/pepitina.com\/en\/wp-json\/wp\/v2\/product_cat?post=17138"},{"taxonomy":"product_tag","embeddable":true,"href":"https:\/\/pepitina.com\/en\/wp-json\/wp\/v2\/product_tag?post=17138"}],"curies":[{"name":"wp","href":"https:\/\/api.w.org\/{rel}","templated":true}]}}