{"id":17251,"date":"2024-07-24T10:55:41","date_gmt":"2024-07-24T08:55:41","guid":{"rendered":"https:\/\/pepitina.com\/?post_type=product&#038;p=17251"},"modified":"2025-05-09T13:12:09","modified_gmt":"2025-05-09T11:12:09","slug":"bustier-boheme-verde-y-pistacho","status":"publish","type":"product","link":"https:\/\/pepitina.com\/en\/p\/bustier-boheme-verde-y-pistacho\/","title":{"rendered":"Bustier boheme verde y pistacho con formas geom\u00e9tricas"},"content":{"rendered":"<ul>\n<li>Bustier boheme verde y pistacho.<\/li>\n<li>Bustier de seda hecho a mano y pintado en seda natural 100%.<\/li>\n<li>Pertenece a la colecci\u00f3n Boheme, inspirada en la geometr\u00eda de Vasili Kandinsky.<\/li>\n<li>Silk Type: Crepe Satin.<\/li>\n<li>Talla: XS-M, abarca diferentes tallas ya que el panel de modestia le permite ajustarse en mayor o menor medida al cuerpo.<\/li>\n<li>Cordones de ajuste especiales de sat\u00e9n en tono verde.<\/li>\n<li>Lavado en seco. Instrucciones en la etiqueta.<\/li>\n<li>Pieza \u00fanica y exclusiva.<\/li>\n<\/ul>","protected":false},"excerpt":{"rendered":"<p>Bustier boheme verde y pistacho. Bustier de seda hecho a mano y pintado en seda natural 100%. Pertenece a la colecci\u00f3n Boheme, inspirada en la geometr\u00eda de Vasili Kandinsky. Tipo de seda: Crepe Sat\u00e9n. Talla: XS-M, abarca diferentes tallas ya que el panel de modestia le permite ajustarse en mayor o menor medida al cuerpo. [&hellip;]<\/p>","protected":false},"featured_media":17254,"template":"","meta":{"om_disable_all_campaigns":false,"inline_featured_image":false,"_uag_custom_page_level_css":"","_monsterinsights_skip_tracking":false,"_monsterinsights_sitenote_active":true,"_monsterinsights_sitenote_note":"Published: Corset natura nude con nervio de colores vivos","_monsterinsights_sitenote_category":135,"_uf_show_specific_survey":0,"_uf_disable_surveys":false,"site-sidebar-layout":"default","site-content-layout":"","ast-site-content-layout":"default","site-content-style":"default","site-sidebar-style":"default","ast-global-header-display":"","ast-banner-title-visibility":"","ast-main-header-display":"","ast-hfb-above-header-display":"","ast-hfb-below-header-display":"","ast-hfb-mobile-header-display":"","site-post-title":"","ast-breadcrumbs-content":"","ast-featured-img":"","footer-sml-layout":"","theme-transparent-header-meta":"default","adv-header-id-meta":"","stick-header-meta":"","header-above-stick-meta":"","header-main-stick-meta":"","header-below-stick-meta":"","astra-migrate-meta-layouts":"set","ast-page-background-enabled":"default","ast-page-background-meta":{"desktop":{"background-color":"var(--ast-global-color-4)","background-image":"","background-repeat":"repeat","background-position":"center center","background-size":"auto","background-attachment":"scroll","background-type":"","background-media":"","overlay-type":"","overlay-color":"","overlay-opacity":"","overlay-gradient":""},"tablet":{"background-color":"","background-image":"","background-repeat":"repeat","background-position":"center center","background-size":"auto","background-attachment":"scroll","background-type":"","background-media":"","overlay-type":"","overlay-color":"","overlay-opacity":"","overlay-gradient":""},"mobile":{"background-color":"","background-image":"","background-repeat":"repeat","background-position":"center center","background-size":"auto","background-attachment":"scroll","background-type":"","background-media":"","overlay-type":"","overlay-color":"","overlay-opacity":"","overlay-gradient":""}},"ast-content-background-meta":{"desktop":{"background-color":"var(--ast-global-color-5)","background-image":"","background-repeat":"repeat","background-position":"center center","background-size":"auto","background-attachment":"scroll","background-type":"","background-media":"","overlay-type":"","overlay-color":"","overlay-opacity":"","overlay-gradient":""},"tablet":{"background-color":"var(--ast-global-color-5)","background-image":"","background-repeat":"repeat","background-position":"center center","background-size":"auto","background-attachment":"scroll","background-type":"","background-media":"","overlay-type":"","overlay-color":"","overlay-opacity":"","overlay-gradient":""},"mobile":{"background-color":"var(--ast-global-color-5)","background-image":"","background-repeat":"repeat","background-position":"center center","background-size":"auto","background-attachment":"scroll","background-type":"","background-media":"","overlay-type":"","overlay-color":"","overlay-opacity":"","overlay-gradient":""}},"_joinchat":[]},"product_brand":[],"product_cat":[88,93],"product_tag":[],"class_list":{"0":"post-17251","1":"product","2":"type-product","3":"status-publish","4":"has-post-thumbnail","6":"product_cat-vav-coleccion","7":"product_cat-vav-corsets-y-bustiers","8":"desktop-align-left","9":"tablet-align-left","10":"mobile-align-left","11":"ast-product-gallery-layout-first-image-large","12":"ast-magnify-disabled","13":"ast-product-tabs-layout-accordion","14":"ast-qv-on-image","16":"first","17":"instock","18":"sale","19":"sold-individually","20":"taxable","21":"shipping-taxable","22":"purchasable","23":"product-type-simple"},"aioseo_notices":[],"uagb_featured_image_src":{"full":["https:\/\/pepitina.com\/wp-content\/uploads\/2024\/07\/BSTSTBH_10_11_000002_38-scaled.jpg",1922,2560,false],"thumbnail":["https:\/\/pepitina.com\/wp-content\/uploads\/2024\/07\/BSTSTBH_10_11_000002_38-scaled.jpg",72,96,false],"medium":["https:\/\/pepitina.com\/wp-content\/uploads\/2024\/07\/BSTSTBH_10_11_000002_38-scaled.jpg",1922,2560,false],"medium_large":["https:\/\/pepitina.com\/wp-content\/uploads\/2024\/07\/BSTSTBH_10_11_000002_38-768x1023.jpg",768,1023,true],"large":["https:\/\/pepitina.com\/wp-content\/uploads\/2024\/07\/BSTSTBH_10_11_000002_38-scaled.jpg",1922,2560,false],"1536x1536":["https:\/\/pepitina.com\/wp-content\/uploads\/2024\/07\/BSTSTBH_10_11_000002_38-1153x1536.jpg",1153,1536,true],"2048x2048":["https:\/\/pepitina.com\/wp-content\/uploads\/2024\/07\/BSTSTBH_10_11_000002_38-1538x2048.jpg",1538,2048,true],"trp-custom-language-flag":["https:\/\/pepitina.com\/wp-content\/uploads\/2024\/07\/BSTSTBH_10_11_000002_38-9x12.jpg",9,12,true],"woocommerce_thumbnail":["https:\/\/pepitina.com\/wp-content\/uploads\/2024\/07\/BSTSTBH_10_11_000002_38-800x1066.jpg",800,1066,true],"woocommerce_single":["https:\/\/pepitina.com\/wp-content\/uploads\/2024\/07\/BSTSTBH_10_11_000002_38-800x1066.jpg",800,1066,true],"woocommerce_gallery_thumbnail":["https:\/\/pepitina.com\/wp-content\/uploads\/2024\/07\/BSTSTBH_10_11_000002_38-100x100.jpg",100,100,true]},"uagb_author_info":{"display_name":"Alejandra Peinado Garc\u00eda","author_link":"https:\/\/pepitina.com\/en\/author\/"},"uagb_comment_info":0,"uagb_excerpt":"Bustier boheme verde y pistacho. Bustier de seda hecho a mano y pintado en seda natural 100%. Pertenece a la colecci\u00f3n Boheme, inspirada en la geometr\u00eda de Vasili Kandinsky. Tipo de seda: Crepe Sat\u00e9n. Talla: XS-M, abarca diferentes tallas ya que el panel de modestia le permite ajustarse en mayor o menor medida al cuerpo.&hellip;","_links":{"self":[{"href":"https:\/\/pepitina.com\/en\/wp-json\/wp\/v2\/product\/17251","targetHints":{"allow":["GET"]}}],"collection":[{"href":"https:\/\/pepitina.com\/en\/wp-json\/wp\/v2\/product"}],"about":[{"href":"https:\/\/pepitina.com\/en\/wp-json\/wp\/v2\/types\/product"}],"version-history":[{"count":3,"href":"https:\/\/pepitina.com\/en\/wp-json\/wp\/v2\/product\/17251\/revisions"}],"predecessor-version":[{"id":18079,"href":"https:\/\/pepitina.com\/en\/wp-json\/wp\/v2\/product\/17251\/revisions\/18079"}],"wp:featuredmedia":[{"embeddable":true,"href":"https:\/\/pepitina.com\/en\/wp-json\/wp\/v2\/media\/17254"}],"wp:attachment":[{"href":"https:\/\/pepitina.com\/en\/wp-json\/wp\/v2\/media?parent=17251"}],"wp:term":[{"taxonomy":"product_brand","embeddable":true,"href":"https:\/\/pepitina.com\/en\/wp-json\/wp\/v2\/product_brand?post=17251"},{"taxonomy":"product_cat","embeddable":true,"href":"https:\/\/pepitina.com\/en\/wp-json\/wp\/v2\/product_cat?post=17251"},{"taxonomy":"product_tag","embeddable":true,"href":"https:\/\/pepitina.com\/en\/wp-json\/wp\/v2\/product_tag?post=17251"}],"curies":[{"name":"wp","href":"https:\/\/api.w.org\/{rel}","templated":true}]}}