{"id":1743,"date":"2023-03-29T05:42:16","date_gmt":"2023-03-29T03:42:16","guid":{"rendered":"https:\/\/pepitina.com\/?post_type=product&#038;p=1743"},"modified":"2025-05-07T19:35:30","modified_gmt":"2025-05-07T17:35:30","slug":"maxifular-essence-flor-roja","status":"publish","type":"product","link":"https:\/\/pepitina.com\/en\/p\/maxifular-essence-flor-roja\/","title":{"rendered":"MAXI SCARF ESSENCE RED FLOWER"},"content":{"rendered":"<ul>\n<li>Piece conceived according to the Slow Fashion philosophy destined to last over time.<\/li>\n<li>Hand painted and sewn silk scarf.<\/li>\n<li>Silk Type: Chiffon Chiffon.<\/li>\n<li>Measurements: 180 x 70 cm.<\/li>\n<li>It belongs to the Essence collection.<\/li>\n<\/ul>","protected":false},"excerpt":{"rendered":"<p>Chiffon maxi scarf inspired by the work of the artist Georgia O'Keefe who proposed to observe nature with attention and time. This vaporous maxi scarf will feel like a caress on your skin.<\/p>","protected":false},"featured_media":1745,"template":"","meta":{"om_disable_all_campaigns":false,"inline_featured_image":false,"_uag_custom_page_level_css":"","_monsterinsights_skip_tracking":false,"_monsterinsights_sitenote_active":false,"_monsterinsights_sitenote_note":"","_monsterinsights_sitenote_category":0,"_uf_show_specific_survey":0,"_uf_disable_surveys":false,"site-sidebar-layout":"default","site-content-layout":"default","ast-site-content-layout":"default","site-content-style":"default","site-sidebar-style":"default","ast-global-header-display":"","ast-banner-title-visibility":"","ast-main-header-display":"","ast-hfb-above-header-display":"","ast-hfb-below-header-display":"","ast-hfb-mobile-header-display":"","site-post-title":"","ast-breadcrumbs-content":"","ast-featured-img":"","footer-sml-layout":"","theme-transparent-header-meta":"default","adv-header-id-meta":"","stick-header-meta":"default","header-above-stick-meta":"","header-main-stick-meta":"","header-below-stick-meta":"","astra-migrate-meta-layouts":"set","ast-page-background-enabled":"default","ast-page-background-meta":{"desktop":{"background-color":"var(--ast-global-color-4)","background-image":"","background-repeat":"repeat","background-position":"center center","background-size":"auto","background-attachment":"scroll","background-type":"","background-media":"","overlay-type":"","overlay-color":"","overlay-opacity":"","overlay-gradient":""},"tablet":{"background-color":"","background-image":"","background-repeat":"repeat","background-position":"center center","background-size":"auto","background-attachment":"scroll","background-type":"","background-media":"","overlay-type":"","overlay-color":"","overlay-opacity":"","overlay-gradient":""},"mobile":{"background-color":"","background-image":"","background-repeat":"repeat","background-position":"center center","background-size":"auto","background-attachment":"scroll","background-type":"","background-media":"","overlay-type":"","overlay-color":"","overlay-opacity":"","overlay-gradient":""}},"ast-content-background-meta":{"desktop":{"background-color":"var(--ast-global-color-5)","background-image":"","background-repeat":"repeat","background-position":"center center","background-size":"auto","background-attachment":"scroll","background-type":"","background-media":"","overlay-type":"","overlay-color":"","overlay-opacity":"","overlay-gradient":""},"tablet":{"background-color":"var(--ast-global-color-5)","background-image":"","background-repeat":"repeat","background-position":"center center","background-size":"auto","background-attachment":"scroll","background-type":"","background-media":"","overlay-type":"","overlay-color":"","overlay-opacity":"","overlay-gradient":""},"mobile":{"background-color":"var(--ast-global-color-5)","background-image":"","background-repeat":"repeat","background-position":"center center","background-size":"auto","background-attachment":"scroll","background-type":"","background-media":"","overlay-type":"","overlay-color":"","overlay-opacity":"","overlay-gradient":""}},"_joinchat":[]},"product_brand":[],"product_cat":[48,35],"product_tag":[],"class_list":{"0":"post-1743","1":"product","2":"type-product","3":"status-publish","4":"has-post-thumbnail","6":"product_cat-coleccion-essence","7":"product_cat-maxifular","8":"desktop-align-left","9":"tablet-align-left","10":"mobile-align-left","11":"ast-product-gallery-layout-first-image-large","12":"ast-magnify-disabled","13":"ast-product-tabs-layout-accordion","14":"ast-qv-on-image","16":"first","17":"instock","18":"sale","19":"sold-individually","20":"taxable","21":"shipping-taxable","22":"purchasable","23":"product-type-simple"},"aioseo_notices":[],"uagb_featured_image_src":{"full":["https:\/\/pepitina.com\/wp-content\/uploads\/2023\/03\/pepitina-ruiz-51.jpg",800,1200,false],"thumbnail":["https:\/\/pepitina.com\/wp-content\/uploads\/2023\/03\/pepitina-ruiz-51.jpg",64,96,false],"medium":["https:\/\/pepitina.com\/wp-content\/uploads\/2023\/03\/pepitina-ruiz-51.jpg",800,1200,false],"medium_large":["https:\/\/pepitina.com\/wp-content\/uploads\/2023\/03\/pepitina-ruiz-51-768x1152.jpg",768,1152,true],"large":["https:\/\/pepitina.com\/wp-content\/uploads\/2023\/03\/pepitina-ruiz-51.jpg",800,1200,false],"1536x1536":["https:\/\/pepitina.com\/wp-content\/uploads\/2023\/03\/pepitina-ruiz-51.jpg",800,1200,false],"2048x2048":["https:\/\/pepitina.com\/wp-content\/uploads\/2023\/03\/pepitina-ruiz-51.jpg",800,1200,false],"trp-custom-language-flag":["https:\/\/pepitina.com\/wp-content\/uploads\/2023\/03\/pepitina-ruiz-51.jpg",8,12,false],"woocommerce_thumbnail":["https:\/\/pepitina.com\/wp-content\/uploads\/2023\/03\/pepitina-ruiz-51.jpg",800,1200,false],"woocommerce_single":["https:\/\/pepitina.com\/wp-content\/uploads\/2023\/03\/pepitina-ruiz-51.jpg",800,1200,false],"woocommerce_gallery_thumbnail":["https:\/\/pepitina.com\/wp-content\/uploads\/2023\/03\/pepitina-ruiz-51-100x100.jpg",100,100,true]},"uagb_author_info":{"display_name":"Alejandra Peinado Garc\u00eda","author_link":"https:\/\/pepitina.com\/en\/author\/"},"uagb_comment_info":0,"uagb_excerpt":"Maxifular en gasa inspirado en la obra de la artista Georgia O\u00b4Keefe quien propon\u00eda observar a la naturaleza con atenci\u00f3n y tiempo. Este vaporoso maxifular se sentir\u00e1 en tu piel como una caricia.","_links":{"self":[{"href":"https:\/\/pepitina.com\/en\/wp-json\/wp\/v2\/product\/1743","targetHints":{"allow":["GET"]}}],"collection":[{"href":"https:\/\/pepitina.com\/en\/wp-json\/wp\/v2\/product"}],"about":[{"href":"https:\/\/pepitina.com\/en\/wp-json\/wp\/v2\/types\/product"}],"version-history":[{"count":1,"href":"https:\/\/pepitina.com\/en\/wp-json\/wp\/v2\/product\/1743\/revisions"}],"predecessor-version":[{"id":17882,"href":"https:\/\/pepitina.com\/en\/wp-json\/wp\/v2\/product\/1743\/revisions\/17882"}],"wp:featuredmedia":[{"embeddable":true,"href":"https:\/\/pepitina.com\/en\/wp-json\/wp\/v2\/media\/1745"}],"wp:attachment":[{"href":"https:\/\/pepitina.com\/en\/wp-json\/wp\/v2\/media?parent=1743"}],"wp:term":[{"taxonomy":"product_brand","embeddable":true,"href":"https:\/\/pepitina.com\/en\/wp-json\/wp\/v2\/product_brand?post=1743"},{"taxonomy":"product_cat","embeddable":true,"href":"https:\/\/pepitina.com\/en\/wp-json\/wp\/v2\/product_cat?post=1743"},{"taxonomy":"product_tag","embeddable":true,"href":"https:\/\/pepitina.com\/en\/wp-json\/wp\/v2\/product_tag?post=1743"}],"curies":[{"name":"wp","href":"https:\/\/api.w.org\/{rel}","templated":true}]}}