{"id":17497,"date":"2024-08-02T09:52:11","date_gmt":"2024-08-02T07:52:11","guid":{"rendered":"https:\/\/pepitina.com\/?post_type=product&#038;p=17497"},"modified":"2025-05-14T12:39:47","modified_gmt":"2025-05-14T10:39:47","slug":"cinturon-oro-liso-ajustable-con-curtido-vegetal","status":"publish","type":"product","link":"https:\/\/pepitina.com\/en\/p\/cinturon-oro-liso-ajustable-con-curtido-vegetal\/","title":{"rendered":"Cintur\u00f3n oro liso ajustable con curtido vegetal"},"content":{"rendered":"<ul>\n<li><span style=\"vertical-align: inherit;\"><span style=\"vertical-align: inherit;\">Cintur\u00f3n oro liso ajustable.<\/span><\/span><\/li>\n<li><span style=\"vertical-align: inherit;\"><span style=\"vertical-align: inherit;\">Medidas: 237(largo) x 8,5 (ancho) cms.<\/span><\/span><\/li>\n<li><span style=\"vertical-align: inherit;\"><span style=\"vertical-align: inherit;\">Tejido: Piel de Vaquetilla con curtido vegetal, un tipo de cuero obtenido a trav\u00e9s de un curtido utilizando ingredientes de origen vegetal, siendo de esta manera m\u00e1s respetuosa con el medio ambiente.<\/span><\/span><\/li>\n<li><span style=\"vertical-align: inherit;\"><span style=\"vertical-align: inherit;\">Este cintur\u00f3n de color oro es un complemento perfecto para combinar con multitud de prendas, su largura te permite ajustarlo a tu cintura y anudarlo a la altura que t\u00fa desees.<\/span><\/span><\/li>\n<li><span style=\"vertical-align: inherit;\"><span style=\"vertical-align: inherit;\">Su color dorado es muy elegante y al mismo tiempo favorecedor, con un dise\u00f1o liso en el que al tacto, podr\u00e1s sentir la suavidad y la alta calidad de la piel.<\/span><\/span><\/li>\n<li><span style=\"vertical-align: inherit;\"><span style=\"vertical-align: inherit;\">Tambi\u00e9n el curtido vegetal le confiere un aspecto natural a la piel.<\/span><\/span><\/li>\n<li><span style=\"vertical-align: inherit;\"><span style=\"vertical-align: inherit;\">Hecho de manera 100% artesanal.<\/span><\/span><\/li>\n<\/ul>","protected":false},"excerpt":{"rendered":"<p>Cintur\u00f3n oro liso ajustable. Medidas: 237(largo) x 8,5 (ancho) cms. Tejido: Piel de Vaquetilla con curtido vegetal, un tipo de cuero obtenido a trav\u00e9s de un curtido utilizando ingredientes de origen vegetal, siendo de esta manera m\u00e1s respetuosa con el medio ambiente. Este cintur\u00f3n de color oro es un complemento perfecto para combinar con multitud [&hellip;]<\/p>","protected":false},"featured_media":17501,"template":"","meta":{"om_disable_all_campaigns":false,"inline_featured_image":false,"_uag_custom_page_level_css":"","_monsterinsights_skip_tracking":false,"_monsterinsights_sitenote_active":false,"_monsterinsights_sitenote_note":"","_monsterinsights_sitenote_category":0,"_uf_show_specific_survey":0,"_uf_disable_surveys":false,"site-sidebar-layout":"default","site-content-layout":"","ast-site-content-layout":"default","site-content-style":"default","site-sidebar-style":"default","ast-global-header-display":"","ast-banner-title-visibility":"","ast-main-header-display":"","ast-hfb-above-header-display":"","ast-hfb-below-header-display":"","ast-hfb-mobile-header-display":"","site-post-title":"","ast-breadcrumbs-content":"","ast-featured-img":"","footer-sml-layout":"","theme-transparent-header-meta":"default","adv-header-id-meta":"","stick-header-meta":"","header-above-stick-meta":"","header-main-stick-meta":"","header-below-stick-meta":"","astra-migrate-meta-layouts":"set","ast-page-background-enabled":"default","ast-page-background-meta":{"desktop":{"background-color":"var(--ast-global-color-4)","background-image":"","background-repeat":"repeat","background-position":"center center","background-size":"auto","background-attachment":"scroll","background-type":"","background-media":"","overlay-type":"","overlay-color":"","overlay-opacity":"","overlay-gradient":""},"tablet":{"background-color":"","background-image":"","background-repeat":"repeat","background-position":"center center","background-size":"auto","background-attachment":"scroll","background-type":"","background-media":"","overlay-type":"","overlay-color":"","overlay-opacity":"","overlay-gradient":""},"mobile":{"background-color":"","background-image":"","background-repeat":"repeat","background-position":"center center","background-size":"auto","background-attachment":"scroll","background-type":"","background-media":"","overlay-type":"","overlay-color":"","overlay-opacity":"","overlay-gradient":""}},"ast-content-background-meta":{"desktop":{"background-color":"var(--ast-global-color-5)","background-image":"","background-repeat":"repeat","background-position":"center center","background-size":"auto","background-attachment":"scroll","background-type":"","background-media":"","overlay-type":"","overlay-color":"","overlay-opacity":"","overlay-gradient":""},"tablet":{"background-color":"var(--ast-global-color-5)","background-image":"","background-repeat":"repeat","background-position":"center center","background-size":"auto","background-attachment":"scroll","background-type":"","background-media":"","overlay-type":"","overlay-color":"","overlay-opacity":"","overlay-gradient":""},"mobile":{"background-color":"var(--ast-global-color-5)","background-image":"","background-repeat":"repeat","background-position":"center center","background-size":"auto","background-attachment":"scroll","background-type":"","background-media":"","overlay-type":"","overlay-color":"","overlay-opacity":"","overlay-gradient":""}},"_joinchat":[]},"product_brand":[],"product_cat":[88,92],"product_tag":[],"class_list":{"0":"post-17497","1":"product","2":"type-product","3":"status-publish","4":"has-post-thumbnail","6":"product_cat-vav-coleccion","7":"product_cat-vav-cinturones","8":"desktop-align-left","9":"tablet-align-left","10":"mobile-align-left","11":"ast-product-gallery-layout-first-image-large","12":"ast-magnify-disabled","13":"ast-product-tabs-layout-accordion","14":"ast-qv-on-image","16":"first","17":"instock","18":"sale","19":"sold-individually","20":"taxable","21":"shipping-taxable","22":"purchasable","23":"product-type-simple"},"aioseo_notices":[],"uagb_featured_image_src":{"full":["https:\/\/pepitina.com\/wp-content\/uploads\/2024\/08\/CIN_ORO_LIS_000001-3-scaled.jpg",1785,2560,false],"thumbnail":["https:\/\/pepitina.com\/wp-content\/uploads\/2024\/08\/CIN_ORO_LIS_000001-3-scaled.jpg",67,96,false],"medium":["https:\/\/pepitina.com\/wp-content\/uploads\/2024\/08\/CIN_ORO_LIS_000001-3-scaled.jpg",1785,2560,false],"medium_large":["https:\/\/pepitina.com\/wp-content\/uploads\/2024\/08\/CIN_ORO_LIS_000001-3-768x1101.jpg",768,1101,true],"large":["https:\/\/pepitina.com\/wp-content\/uploads\/2024\/08\/CIN_ORO_LIS_000001-3-scaled.jpg",1785,2560,false],"1536x1536":["https:\/\/pepitina.com\/wp-content\/uploads\/2024\/08\/CIN_ORO_LIS_000001-3-1071x1536.jpg",1071,1536,true],"2048x2048":["https:\/\/pepitina.com\/wp-content\/uploads\/2024\/08\/CIN_ORO_LIS_000001-3-1428x2048.jpg",1428,2048,true],"trp-custom-language-flag":["https:\/\/pepitina.com\/wp-content\/uploads\/2024\/08\/CIN_ORO_LIS_000001-3-8x12.jpg",8,12,true],"woocommerce_thumbnail":["https:\/\/pepitina.com\/wp-content\/uploads\/2024\/08\/CIN_ORO_LIS_000001-3-800x1147.jpg",800,1147,true],"woocommerce_single":["https:\/\/pepitina.com\/wp-content\/uploads\/2024\/08\/CIN_ORO_LIS_000001-3-800x1147.jpg",800,1147,true],"woocommerce_gallery_thumbnail":["https:\/\/pepitina.com\/wp-content\/uploads\/2024\/08\/CIN_ORO_LIS_000001-3-100x100.jpg",100,100,true]},"uagb_author_info":{"display_name":"Alejandra Peinado Garc\u00eda","author_link":"https:\/\/pepitina.com\/en\/author\/"},"uagb_comment_info":0,"uagb_excerpt":"Cintur\u00f3n oro liso ajustable. Medidas: 237(largo) x 8,5 (ancho) cms. Tejido: Piel de Vaquetilla con curtido vegetal, un tipo de cuero obtenido a trav\u00e9s de un curtido utilizando ingredientes de origen vegetal, siendo de esta manera m\u00e1s respetuosa con el medio ambiente. Este cintur\u00f3n de color oro es un complemento perfecto para combinar con multitud&hellip;","_links":{"self":[{"href":"https:\/\/pepitina.com\/en\/wp-json\/wp\/v2\/product\/17497","targetHints":{"allow":["GET"]}}],"collection":[{"href":"https:\/\/pepitina.com\/en\/wp-json\/wp\/v2\/product"}],"about":[{"href":"https:\/\/pepitina.com\/en\/wp-json\/wp\/v2\/types\/product"}],"version-history":[{"count":6,"href":"https:\/\/pepitina.com\/en\/wp-json\/wp\/v2\/product\/17497\/revisions"}],"predecessor-version":[{"id":18124,"href":"https:\/\/pepitina.com\/en\/wp-json\/wp\/v2\/product\/17497\/revisions\/18124"}],"wp:featuredmedia":[{"embeddable":true,"href":"https:\/\/pepitina.com\/en\/wp-json\/wp\/v2\/media\/17501"}],"wp:attachment":[{"href":"https:\/\/pepitina.com\/en\/wp-json\/wp\/v2\/media?parent=17497"}],"wp:term":[{"taxonomy":"product_brand","embeddable":true,"href":"https:\/\/pepitina.com\/en\/wp-json\/wp\/v2\/product_brand?post=17497"},{"taxonomy":"product_cat","embeddable":true,"href":"https:\/\/pepitina.com\/en\/wp-json\/wp\/v2\/product_cat?post=17497"},{"taxonomy":"product_tag","embeddable":true,"href":"https:\/\/pepitina.com\/en\/wp-json\/wp\/v2\/product_tag?post=17497"}],"curies":[{"name":"wp","href":"https:\/\/api.w.org\/{rel}","templated":true}]}}