{"id":2203,"date":"2023-03-31T06:30:51","date_gmt":"2023-03-31T04:30:51","guid":{"rendered":"https:\/\/pepitina.com\/?post_type=product&#038;p=2203"},"modified":"2025-06-02T00:16:17","modified_gmt":"2025-06-01T22:16:17","slug":"abanico-de-seda-mediano-cosmos-constelacion-leo","status":"publish","type":"product","link":"https:\/\/pepitina.com\/en\/p\/abanico-de-seda-mediano-cosmos-constelacion-leo\/","title":{"rendered":"Abanico de seda mediano Cosmos constelaci\u00f3n Leo"},"content":{"rendered":"<ul>\n<li>Abanico de seda mediano pintado a mano con constelaci\u00f3n Leo sobre un fondo azul difuminado con cristales Swarovski.<\/li>\n<li>Todos nuestros abanicos est\u00e1n varillados artesanalmente en maderas nobles de alta calidad.<\/li>\n<li>Madera noble bocap\u00ed pulida por las dos caras.<\/li>\n<li>Tama\u00f1o mediano (23 cm), este tama\u00f1o es ideal para guardar en cualquier bolso o cartera.<\/li>\n<li>Silk Type: Crepe Satin.<\/li>\n<li>It belongs to the Cosmos collection.<\/li>\n<li>Any constellation can be designed on request.<\/li>\n<li>Packaging: Bolsa protectora de antelina, estuche de cartulina.<\/li>\n<\/ul>","protected":false},"excerpt":{"rendered":"<p>Abanico de 23 cm con la constelaci\u00f3n de Leo realizada con aut\u00e9nticos cristales de Swarovski. Pertenece a la colecci\u00f3n Cosmos que representa la constelaci\u00f3n de tu hor\u00f3scopo brillando en el firmamento. Las constelaciones son una forma muy original de personalizaci\u00f3n ideal para regalar en un cumplea\u00f1os, celebraci\u00f3n o evento especial.<\/p>","protected":false},"featured_media":2204,"template":"","meta":{"om_disable_all_campaigns":false,"inline_featured_image":false,"_uag_custom_page_level_css":"","_monsterinsights_skip_tracking":false,"_monsterinsights_sitenote_active":false,"_monsterinsights_sitenote_note":"","_monsterinsights_sitenote_category":0,"_uf_show_specific_survey":0,"_uf_disable_surveys":false,"site-sidebar-layout":"default","site-content-layout":"default","ast-site-content-layout":"default","site-content-style":"default","site-sidebar-style":"default","ast-global-header-display":"","ast-banner-title-visibility":"","ast-main-header-display":"","ast-hfb-above-header-display":"","ast-hfb-below-header-display":"","ast-hfb-mobile-header-display":"","site-post-title":"","ast-breadcrumbs-content":"","ast-featured-img":"","footer-sml-layout":"","theme-transparent-header-meta":"default","adv-header-id-meta":"","stick-header-meta":"default","header-above-stick-meta":"","header-main-stick-meta":"","header-below-stick-meta":"","astra-migrate-meta-layouts":"set","ast-page-background-enabled":"default","ast-page-background-meta":{"desktop":{"background-color":"var(--ast-global-color-4)","background-image":"","background-repeat":"repeat","background-position":"center center","background-size":"auto","background-attachment":"scroll","background-type":"","background-media":"","overlay-type":"","overlay-color":"","overlay-opacity":"","overlay-gradient":""},"tablet":{"background-color":"","background-image":"","background-repeat":"repeat","background-position":"center center","background-size":"auto","background-attachment":"scroll","background-type":"","background-media":"","overlay-type":"","overlay-color":"","overlay-opacity":"","overlay-gradient":""},"mobile":{"background-color":"","background-image":"","background-repeat":"repeat","background-position":"center center","background-size":"auto","background-attachment":"scroll","background-type":"","background-media":"","overlay-type":"","overlay-color":"","overlay-opacity":"","overlay-gradient":""}},"ast-content-background-meta":{"desktop":{"background-color":"var(--ast-global-color-5)","background-image":"","background-repeat":"repeat","background-position":"center center","background-size":"auto","background-attachment":"scroll","background-type":"","background-media":"","overlay-type":"","overlay-color":"","overlay-opacity":"","overlay-gradient":""},"tablet":{"background-color":"var(--ast-global-color-5)","background-image":"","background-repeat":"repeat","background-position":"center center","background-size":"auto","background-attachment":"scroll","background-type":"","background-media":"","overlay-type":"","overlay-color":"","overlay-opacity":"","overlay-gradient":""},"mobile":{"background-color":"var(--ast-global-color-5)","background-image":"","background-repeat":"repeat","background-position":"center center","background-size":"auto","background-attachment":"scroll","background-type":"","background-media":"","overlay-type":"","overlay-color":"","overlay-opacity":"","overlay-gradient":""}},"_joinchat":[]},"product_brand":[],"product_cat":[51,24],"product_tag":[],"class_list":{"0":"post-2203","1":"product","2":"type-product","3":"status-publish","4":"has-post-thumbnail","6":"product_cat-coleccion-cosmos","7":"product_cat-abanico-mediano","8":"desktop-align-left","9":"tablet-align-left","10":"mobile-align-left","11":"ast-product-gallery-layout-first-image-large","12":"ast-product-gallery-with-no-image","13":"ast-magnify-disabled","14":"ast-product-tabs-layout-accordion","15":"ast-qv-on-image","17":"first","18":"outofstock","19":"sale","20":"sold-individually","21":"taxable","22":"shipping-taxable","23":"purchasable","24":"product-type-simple"},"aioseo_notices":[],"uagb_featured_image_src":{"full":["https:\/\/pepitina.com\/wp-content\/uploads\/2023\/03\/abanico-mediano-14.jpg",800,1200,false],"thumbnail":["https:\/\/pepitina.com\/wp-content\/uploads\/2023\/03\/abanico-mediano-14.jpg",64,96,false],"medium":["https:\/\/pepitina.com\/wp-content\/uploads\/2023\/03\/abanico-mediano-14.jpg",800,1200,false],"medium_large":["https:\/\/pepitina.com\/wp-content\/uploads\/2023\/03\/abanico-mediano-14-768x1152.jpg",768,1152,true],"large":["https:\/\/pepitina.com\/wp-content\/uploads\/2023\/03\/abanico-mediano-14.jpg",800,1200,false],"1536x1536":["https:\/\/pepitina.com\/wp-content\/uploads\/2023\/03\/abanico-mediano-14.jpg",800,1200,false],"2048x2048":["https:\/\/pepitina.com\/wp-content\/uploads\/2023\/03\/abanico-mediano-14.jpg",800,1200,false],"trp-custom-language-flag":["https:\/\/pepitina.com\/wp-content\/uploads\/2023\/03\/abanico-mediano-14.jpg",8,12,false],"woocommerce_thumbnail":["https:\/\/pepitina.com\/wp-content\/uploads\/2023\/03\/abanico-mediano-14.jpg",800,1200,false],"woocommerce_single":["https:\/\/pepitina.com\/wp-content\/uploads\/2023\/03\/abanico-mediano-14.jpg",800,1200,false],"woocommerce_gallery_thumbnail":["https:\/\/pepitina.com\/wp-content\/uploads\/2023\/03\/abanico-mediano-14-100x100.jpg",100,100,true]},"uagb_author_info":{"display_name":"Alejandra Peinado Garc\u00eda","author_link":"https:\/\/pepitina.com\/en\/author\/"},"uagb_comment_info":0,"uagb_excerpt":"Abanico de 23 cm con la constelaci\u00f3n de Leo realizada con aut\u00e9nticos cristales de Swarovski. Pertenece a la colecci\u00f3n Cosmos que representa la constelaci\u00f3n de tu hor\u00f3scopo brillando en el firmamento. Las constelaciones son una forma muy original de personalizaci\u00f3n ideal para regalar en un cumplea\u00f1os, celebraci\u00f3n o evento especial.","_links":{"self":[{"href":"https:\/\/pepitina.com\/en\/wp-json\/wp\/v2\/product\/2203","targetHints":{"allow":["GET"]}}],"collection":[{"href":"https:\/\/pepitina.com\/en\/wp-json\/wp\/v2\/product"}],"about":[{"href":"https:\/\/pepitina.com\/en\/wp-json\/wp\/v2\/types\/product"}],"version-history":[{"count":4,"href":"https:\/\/pepitina.com\/en\/wp-json\/wp\/v2\/product\/2203\/revisions"}],"predecessor-version":[{"id":17963,"href":"https:\/\/pepitina.com\/en\/wp-json\/wp\/v2\/product\/2203\/revisions\/17963"}],"wp:featuredmedia":[{"embeddable":true,"href":"https:\/\/pepitina.com\/en\/wp-json\/wp\/v2\/media\/2204"}],"wp:attachment":[{"href":"https:\/\/pepitina.com\/en\/wp-json\/wp\/v2\/media?parent=2203"}],"wp:term":[{"taxonomy":"product_brand","embeddable":true,"href":"https:\/\/pepitina.com\/en\/wp-json\/wp\/v2\/product_brand?post=2203"},{"taxonomy":"product_cat","embeddable":true,"href":"https:\/\/pepitina.com\/en\/wp-json\/wp\/v2\/product_cat?post=2203"},{"taxonomy":"product_tag","embeddable":true,"href":"https:\/\/pepitina.com\/en\/wp-json\/wp\/v2\/product_tag?post=2203"}],"curies":[{"name":"wp","href":"https:\/\/api.w.org\/{rel}","templated":true}]}}