{"id":2215,"date":"2023-03-31T06:43:59","date_gmt":"2023-03-31T04:43:59","guid":{"rendered":"https:\/\/pepitina.com\/?post_type=product&#038;p=2215"},"modified":"2025-05-06T20:05:09","modified_gmt":"2025-05-06T18:05:09","slug":"abanico-de-seda-mediano-cosmos-constelacion-capricornio","status":"publish","type":"product","link":"https:\/\/pepitina.com\/en\/p\/abanico-de-seda-mediano-cosmos-constelacion-capricornio\/","title":{"rendered":"Abanico de seda mediano Cosmos constelaci\u00f3n Capricornio"},"content":{"rendered":"<ul>\n<li>Abanico de seda mediano pintado a mano con constelaci\u00f3n.<\/li>\n<li>Handmade linkage.<\/li>\n<li>Bocap\u00ed wood polished on both sides.<\/li>\n<li>Medium size (23 cm).<\/li>\n<li>Silk Type: Crepe Satin.<\/li>\n<li>It belongs to the Cosmos collection.<\/li>\n<li>Any constellation can be designed on request.<\/li>\n<li>Packaging: Bolsa protectora de antelina, estuche de cartulina.<\/li>\n<\/ul>","protected":false},"excerpt":{"rendered":"<p>23 cm fan with the constellation Cancer made with genuine Swarovski crystals. It belongs to the Cosmos collection that represents the constellation of your horoscope shining in the sky. Constellations are a very original way of personalization, ideal for a birthday gift.<\/p>","protected":false},"featured_media":2216,"template":"","meta":{"om_disable_all_campaigns":false,"inline_featured_image":false,"_uag_custom_page_level_css":"","_monsterinsights_skip_tracking":false,"_monsterinsights_sitenote_active":false,"_monsterinsights_sitenote_note":"","_monsterinsights_sitenote_category":0,"_uf_show_specific_survey":0,"_uf_disable_surveys":false,"site-sidebar-layout":"default","site-content-layout":"default","ast-site-content-layout":"default","site-content-style":"default","site-sidebar-style":"default","ast-global-header-display":"","ast-banner-title-visibility":"","ast-main-header-display":"","ast-hfb-above-header-display":"","ast-hfb-below-header-display":"","ast-hfb-mobile-header-display":"","site-post-title":"","ast-breadcrumbs-content":"","ast-featured-img":"","footer-sml-layout":"","theme-transparent-header-meta":"default","adv-header-id-meta":"","stick-header-meta":"default","header-above-stick-meta":"","header-main-stick-meta":"","header-below-stick-meta":"","astra-migrate-meta-layouts":"set","ast-page-background-enabled":"default","ast-page-background-meta":{"desktop":{"background-color":"var(--ast-global-color-4)","background-image":"","background-repeat":"repeat","background-position":"center center","background-size":"auto","background-attachment":"scroll","background-type":"","background-media":"","overlay-type":"","overlay-color":"","overlay-opacity":"","overlay-gradient":""},"tablet":{"background-color":"","background-image":"","background-repeat":"repeat","background-position":"center center","background-size":"auto","background-attachment":"scroll","background-type":"","background-media":"","overlay-type":"","overlay-color":"","overlay-opacity":"","overlay-gradient":""},"mobile":{"background-color":"","background-image":"","background-repeat":"repeat","background-position":"center center","background-size":"auto","background-attachment":"scroll","background-type":"","background-media":"","overlay-type":"","overlay-color":"","overlay-opacity":"","overlay-gradient":""}},"ast-content-background-meta":{"desktop":{"background-color":"var(--ast-global-color-5)","background-image":"","background-repeat":"repeat","background-position":"center center","background-size":"auto","background-attachment":"scroll","background-type":"","background-media":"","overlay-type":"","overlay-color":"","overlay-opacity":"","overlay-gradient":""},"tablet":{"background-color":"var(--ast-global-color-5)","background-image":"","background-repeat":"repeat","background-position":"center center","background-size":"auto","background-attachment":"scroll","background-type":"","background-media":"","overlay-type":"","overlay-color":"","overlay-opacity":"","overlay-gradient":""},"mobile":{"background-color":"var(--ast-global-color-5)","background-image":"","background-repeat":"repeat","background-position":"center center","background-size":"auto","background-attachment":"scroll","background-type":"","background-media":"","overlay-type":"","overlay-color":"","overlay-opacity":"","overlay-gradient":""}},"_joinchat":[]},"product_brand":[],"product_cat":[51,24],"product_tag":[115,186,97],"class_list":{"0":"post-2215","1":"product","2":"type-product","3":"status-publish","4":"has-post-thumbnail","6":"product_cat-coleccion-cosmos","7":"product_cat-abanico-mediano","8":"product_tag-abanico-azul","9":"product_tag-abanico-cosmos","10":"product_tag-abanico-mediano","11":"desktop-align-left","12":"tablet-align-left","13":"mobile-align-left","14":"ast-product-gallery-layout-first-image-large","15":"ast-product-gallery-with-no-image","16":"ast-magnify-disabled","17":"ast-product-tabs-layout-accordion","18":"ast-qv-on-image","20":"first","21":"instock","22":"sale","23":"sold-individually","24":"taxable","25":"shipping-taxable","26":"purchasable","27":"product-type-simple"},"aioseo_notices":[],"uagb_featured_image_src":{"full":["https:\/\/pepitina.com\/wp-content\/uploads\/2023\/03\/abanico-mediano-18.jpg",800,1200,false],"thumbnail":["https:\/\/pepitina.com\/wp-content\/uploads\/2023\/03\/abanico-mediano-18.jpg",64,96,false],"medium":["https:\/\/pepitina.com\/wp-content\/uploads\/2023\/03\/abanico-mediano-18.jpg",800,1200,false],"medium_large":["https:\/\/pepitina.com\/wp-content\/uploads\/2023\/03\/abanico-mediano-18-768x1152.jpg",768,1152,true],"large":["https:\/\/pepitina.com\/wp-content\/uploads\/2023\/03\/abanico-mediano-18.jpg",800,1200,false],"1536x1536":["https:\/\/pepitina.com\/wp-content\/uploads\/2023\/03\/abanico-mediano-18.jpg",800,1200,false],"2048x2048":["https:\/\/pepitina.com\/wp-content\/uploads\/2023\/03\/abanico-mediano-18.jpg",800,1200,false],"trp-custom-language-flag":["https:\/\/pepitina.com\/wp-content\/uploads\/2023\/03\/abanico-mediano-18.jpg",8,12,false],"woocommerce_thumbnail":["https:\/\/pepitina.com\/wp-content\/uploads\/2023\/03\/abanico-mediano-18.jpg",800,1200,false],"woocommerce_single":["https:\/\/pepitina.com\/wp-content\/uploads\/2023\/03\/abanico-mediano-18.jpg",800,1200,false],"woocommerce_gallery_thumbnail":["https:\/\/pepitina.com\/wp-content\/uploads\/2023\/03\/abanico-mediano-18-100x100.jpg",100,100,true]},"uagb_author_info":{"display_name":"Alejandra Peinado Garc\u00eda","author_link":"https:\/\/pepitina.com\/en\/author\/"},"uagb_comment_info":0,"uagb_excerpt":"Abanico de 23 cm con la constelaci\u00f3n de Capricornio realizada con cristales aut\u00e9nticos de Swarovski. Pertenece a la colecci\u00f3n Cosmos que representa la constelaci\u00f3n de tu hor\u00f3scopo brillando en el firmamento. Las constelaciones son una forma muy original de personalizaci\u00f3n ideal para regalar en un cumplea\u00f1os.","_links":{"self":[{"href":"https:\/\/pepitina.com\/en\/wp-json\/wp\/v2\/product\/2215","targetHints":{"allow":["GET"]}}],"collection":[{"href":"https:\/\/pepitina.com\/en\/wp-json\/wp\/v2\/product"}],"about":[{"href":"https:\/\/pepitina.com\/en\/wp-json\/wp\/v2\/types\/product"}],"version-history":[{"count":3,"href":"https:\/\/pepitina.com\/en\/wp-json\/wp\/v2\/product\/2215\/revisions"}],"predecessor-version":[{"id":17958,"href":"https:\/\/pepitina.com\/en\/wp-json\/wp\/v2\/product\/2215\/revisions\/17958"}],"wp:featuredmedia":[{"embeddable":true,"href":"https:\/\/pepitina.com\/en\/wp-json\/wp\/v2\/media\/2216"}],"wp:attachment":[{"href":"https:\/\/pepitina.com\/en\/wp-json\/wp\/v2\/media?parent=2215"}],"wp:term":[{"taxonomy":"product_brand","embeddable":true,"href":"https:\/\/pepitina.com\/en\/wp-json\/wp\/v2\/product_brand?post=2215"},{"taxonomy":"product_cat","embeddable":true,"href":"https:\/\/pepitina.com\/en\/wp-json\/wp\/v2\/product_cat?post=2215"},{"taxonomy":"product_tag","embeddable":true,"href":"https:\/\/pepitina.com\/en\/wp-json\/wp\/v2\/product_tag?post=2215"}],"curies":[{"name":"wp","href":"https:\/\/api.w.org\/{rel}","templated":true}]}}