{"id":2779,"date":"2023-04-21T10:03:20","date_gmt":"2023-04-21T08:03:20","guid":{"rendered":"https:\/\/pepitina.com\/?post_type=product&#038;p=2779"},"modified":"2024-09-25T10:17:17","modified_gmt":"2024-09-25T08:17:17","slug":"falda-portfolio-essence-negra","status":"publish","type":"product","link":"https:\/\/pepitina.com\/en\/p\/falda-portfolio-essence-negra\/","title":{"rendered":"BLACK ESSENCE PORTFOLIO SKIRT"},"content":{"rendered":"<ul>\n<li>Piece conceived according to the Slow Fashion philosophy destined to last over time.<\/li>\n<li>Haute couture skirt painted and sewn by hand.<\/li>\n<li>Silk Type: Satin.<\/li>\n<li>One size XS-M.<\/li>\n<li>Hand-edged with silk thread and French seam.<\/li>\n<li>It belongs to the Essence collection.<\/li>\n<li>Pieza \u00fanica. En caso de estar agotada, se podr\u00e1 hacer un encargo poni\u00e9ndose en contacto directamente con nuestro Atelier <a href=\"mailto:info@pepitina.com\">info@pepitina.com<\/a> o en el 600500089.<\/li>\n<\/ul>","protected":false},"excerpt":{"rendered":"<p>Haute couture portfolio skirt inspired by Argentine tango dancers. With a high waist, it is tied with a bow at the waist allowing it to be adjusted from a size XS to a M. Painted, sewn and edged by hand.<\/p>","protected":false},"featured_media":2780,"template":"","meta":{"om_disable_all_campaigns":false,"inline_featured_image":false,"_uag_custom_page_level_css":"","_monsterinsights_skip_tracking":false,"_monsterinsights_sitenote_active":false,"_monsterinsights_sitenote_note":"","_monsterinsights_sitenote_category":0,"_uf_show_specific_survey":0,"_uf_disable_surveys":false,"site-sidebar-layout":"default","site-content-layout":"default","ast-site-content-layout":"default","site-content-style":"default","site-sidebar-style":"default","ast-global-header-display":"","ast-banner-title-visibility":"","ast-main-header-display":"","ast-hfb-above-header-display":"","ast-hfb-below-header-display":"","ast-hfb-mobile-header-display":"","site-post-title":"","ast-breadcrumbs-content":"","ast-featured-img":"","footer-sml-layout":"","theme-transparent-header-meta":"default","adv-header-id-meta":"","stick-header-meta":"default","header-above-stick-meta":"","header-main-stick-meta":"","header-below-stick-meta":"","astra-migrate-meta-layouts":"set","ast-page-background-enabled":"default","ast-page-background-meta":{"desktop":{"background-color":"var(--ast-global-color-4)","background-image":"","background-repeat":"repeat","background-position":"center center","background-size":"auto","background-attachment":"scroll","background-type":"","background-media":"","overlay-type":"","overlay-color":"","overlay-opacity":"","overlay-gradient":""},"tablet":{"background-color":"","background-image":"","background-repeat":"repeat","background-position":"center center","background-size":"auto","background-attachment":"scroll","background-type":"","background-media":"","overlay-type":"","overlay-color":"","overlay-opacity":"","overlay-gradient":""},"mobile":{"background-color":"","background-image":"","background-repeat":"repeat","background-position":"center center","background-size":"auto","background-attachment":"scroll","background-type":"","background-media":"","overlay-type":"","overlay-color":"","overlay-opacity":"","overlay-gradient":""}},"ast-content-background-meta":{"desktop":{"background-color":"var(--ast-global-color-5)","background-image":"","background-repeat":"repeat","background-position":"center center","background-size":"auto","background-attachment":"scroll","background-type":"","background-media":"","overlay-type":"","overlay-color":"","overlay-opacity":"","overlay-gradient":""},"tablet":{"background-color":"var(--ast-global-color-5)","background-image":"","background-repeat":"repeat","background-position":"center center","background-size":"auto","background-attachment":"scroll","background-type":"","background-media":"","overlay-type":"","overlay-color":"","overlay-opacity":"","overlay-gradient":""},"mobile":{"background-color":"var(--ast-global-color-5)","background-image":"","background-repeat":"repeat","background-position":"center center","background-size":"auto","background-attachment":"scroll","background-type":"","background-media":"","overlay-type":"","overlay-color":"","overlay-opacity":"","overlay-gradient":""}},"_joinchat":[]},"product_brand":[],"product_cat":[48,29],"product_tag":[],"class_list":{"0":"post-2779","1":"product","2":"type-product","3":"status-publish","4":"has-post-thumbnail","6":"product_cat-coleccion-essence","7":"product_cat-falda-portfolio","8":"desktop-align-left","9":"tablet-align-left","10":"mobile-align-left","11":"ast-product-gallery-layout-first-image-large","12":"ast-magnify-disabled","13":"ast-product-tabs-layout-accordion","14":"ast-qv-on-image","16":"first","17":"onbackorder","18":"taxable","19":"shipping-taxable","20":"purchasable","21":"product-type-simple"},"aioseo_notices":[],"uagb_featured_image_src":{"full":["https:\/\/pepitina.com\/wp-content\/uploads\/2023\/04\/01-falda-portfolio-essence-1.jpg",800,1200,false],"thumbnail":["https:\/\/pepitina.com\/wp-content\/uploads\/2023\/04\/01-falda-portfolio-essence-1.jpg",64,96,false],"medium":["https:\/\/pepitina.com\/wp-content\/uploads\/2023\/04\/01-falda-portfolio-essence-1.jpg",800,1200,false],"medium_large":["https:\/\/pepitina.com\/wp-content\/uploads\/2023\/04\/01-falda-portfolio-essence-1-768x1152.jpg",768,1152,true],"large":["https:\/\/pepitina.com\/wp-content\/uploads\/2023\/04\/01-falda-portfolio-essence-1.jpg",800,1200,false],"1536x1536":["https:\/\/pepitina.com\/wp-content\/uploads\/2023\/04\/01-falda-portfolio-essence-1.jpg",800,1200,false],"2048x2048":["https:\/\/pepitina.com\/wp-content\/uploads\/2023\/04\/01-falda-portfolio-essence-1.jpg",800,1200,false],"trp-custom-language-flag":["https:\/\/pepitina.com\/wp-content\/uploads\/2023\/04\/01-falda-portfolio-essence-1.jpg",8,12,false],"woocommerce_thumbnail":["https:\/\/pepitina.com\/wp-content\/uploads\/2023\/04\/01-falda-portfolio-essence-1-400x600.jpg",400,600,true],"woocommerce_single":["https:\/\/pepitina.com\/wp-content\/uploads\/2023\/04\/01-falda-portfolio-essence-1.jpg",800,1200,false],"woocommerce_gallery_thumbnail":["https:\/\/pepitina.com\/wp-content\/uploads\/2023\/04\/01-falda-portfolio-essence-1-100x100.jpg",100,100,true]},"uagb_author_info":{"display_name":"Alejandra Peinado Garc\u00eda","author_link":"https:\/\/pepitina.com\/en\/author\/"},"uagb_comment_info":0,"uagb_excerpt":"Falda porfolio de alta costura inspirada en las bailarinas de tango argentino. De talle alto se anuda con lazo a la cintura permitiendo ajustarse de una talla XS a una M. Pintada, cosida y orillada a mano.","_links":{"self":[{"href":"https:\/\/pepitina.com\/en\/wp-json\/wp\/v2\/product\/2779","targetHints":{"allow":["GET"]}}],"collection":[{"href":"https:\/\/pepitina.com\/en\/wp-json\/wp\/v2\/product"}],"about":[{"href":"https:\/\/pepitina.com\/en\/wp-json\/wp\/v2\/types\/product"}],"version-history":[{"count":2,"href":"https:\/\/pepitina.com\/en\/wp-json\/wp\/v2\/product\/2779\/revisions"}],"predecessor-version":[{"id":17418,"href":"https:\/\/pepitina.com\/en\/wp-json\/wp\/v2\/product\/2779\/revisions\/17418"}],"wp:featuredmedia":[{"embeddable":true,"href":"https:\/\/pepitina.com\/en\/wp-json\/wp\/v2\/media\/2780"}],"wp:attachment":[{"href":"https:\/\/pepitina.com\/en\/wp-json\/wp\/v2\/media?parent=2779"}],"wp:term":[{"taxonomy":"product_brand","embeddable":true,"href":"https:\/\/pepitina.com\/en\/wp-json\/wp\/v2\/product_brand?post=2779"},{"taxonomy":"product_cat","embeddable":true,"href":"https:\/\/pepitina.com\/en\/wp-json\/wp\/v2\/product_cat?post=2779"},{"taxonomy":"product_tag","embeddable":true,"href":"https:\/\/pepitina.com\/en\/wp-json\/wp\/v2\/product_tag?post=2779"}],"curies":[{"name":"wp","href":"https:\/\/api.w.org\/{rel}","templated":true}]}}